{"id":3520,"date":"2020-11-05T13:44:10","date_gmt":"2020-11-05T11:44:10","guid":{"rendered":"https:\/\/www.vermetdesign.com\/production-tracking\/"},"modified":"2022-12-27T15:50:55","modified_gmt":"2022-12-27T13:50:55","slug":"tuotannon-seuranta","status":"publish","type":"page","link":"https:\/\/www.vermetdesign.com\/fi\/tuotannon-seuranta\/","title":{"rendered":"Tuotannon seuranta"},"content":{"rendered":"\t\t<div data-elementor-type=\"wp-page\" data-elementor-id=\"3520\" class=\"elementor elementor-3520 elementor-1051\" data-elementor-post-type=\"page\">\n\t\t\t\t\t\t<section class=\"elementor-section elementor-top-section elementor-element elementor-element-0b3d035 elementor-section-boxed elementor-section-height-default elementor-section-height-default\" data-id=\"0b3d035\" data-element_type=\"section\" data-e-type=\"section\">\n\t\t\t\t\t\t<div class=\"elementor-container elementor-column-gap-default\">\n\t\t\t\t\t<div class=\"elementor-column elementor-col-100 elementor-top-column elementor-element elementor-element-4f18459\" data-id=\"4f18459\" data-element_type=\"column\" data-e-type=\"column\">\n\t\t\t<div class=\"elementor-widget-wrap elementor-element-populated\">\n\t\t\t\t\t\t<div class=\"elementor-element elementor-element-816e586 elementor-widget elementor-widget-text-editor\" data-id=\"816e586\" data-element_type=\"widget\" data-e-type=\"widget\" data-widget_type=\"text-editor.default\">\n\t\t\t\t<div class=\"elementor-widget-container\">\n\t\t\t\t\t\t\t\t\t<p>T\u00e4\u00e4ll\u00e4 voit seurata tilaamasi vaatteen tuotantoa.<\/p><p>Olet t\u00e4rke\u00e4 osa Verm\u00e8t:n tuotantoprosessia, ja haluamme sinun tiet\u00e4v\u00e4n, mit\u00e4 tuotteellesi tapahtuu t\u00e4ll\u00e4 hetkell\u00e4, miss\u00e4 se on ja kuka tuotettasi valmistaa.<\/p><p>Tilauksen seurantaan tarvitset vain tuotekoodin, jonka l\u00f6yd\u00e4t s\u00e4hk\u00f6postiisi toimitetusta tilausvahvistuksesta.<\/p>\t\t\t\t\t\t\t\t<\/div>\n\t\t\t\t<\/div>\n\t\t\t\t\t<\/div>\n\t\t<\/div>\n\t\t\t\t\t<\/div>\n\t\t<\/section>\n\t\t\t\t<section class=\"elementor-section elementor-top-section elementor-element elementor-element-0a6f6f3 elementor-section-boxed elementor-section-height-default elementor-section-height-default\" data-id=\"0a6f6f3\" data-element_type=\"section\" data-e-type=\"section\">\n\t\t\t\t\t\t<div class=\"elementor-container elementor-column-gap-default\">\n\t\t\t\t\t<div class=\"elementor-column elementor-col-16 elementor-top-column elementor-element elementor-element-a5b8605\" data-id=\"a5b8605\" data-element_type=\"column\" data-e-type=\"column\">\n\t\t\t<div class=\"elementor-widget-wrap\">\n\t\t\t\t\t\t\t<\/div>\n\t\t<\/div>\n\t\t\t\t<div class=\"elementor-column elementor-col-66 elementor-top-column elementor-element elementor-element-bc5b6ed\" data-id=\"bc5b6ed\" data-element_type=\"column\" data-e-type=\"column\">\n\t\t\t<div class=\"elementor-widget-wrap elementor-element-populated\">\n\t\t\t\t\t\t<div class=\"elementor-element elementor-element-befda40 elementor-widget elementor-widget-shortcode\" data-id=\"befda40\" data-element_type=\"widget\" data-e-type=\"widget\" data-widget_type=\"shortcode.default\">\n\t\t\t\t<div class=\"elementor-widget-container\">\n\t\t\t\t\t\t\t<div class=\"elementor-shortcode\"><style>.ewd-otp-order-tracking-form-div h3 { font-family: Poppins !important; }.ewd-otp-order-tracking-form-div h3 { font-size: 13 !important; }.ewd-otp-order-tracking-form-div h3 { color: #ffffff !important; }.ewd-otp-order-tracking-form-div h3 { margin: 10 !important; }.ewd-otp-order-tracking-form-div h3 { padding: 5 !important; }.ewd-otp-tracking-results-label { font-family: Poppins !important; }.ewd-otp-tracking-results-label { font-size: 10 !important; }.ewd-otp-tracking-results-label { color: #000000 !important; }.ewd-otp-tracking-results-label { margin: 10 !important; }.ewd-otp-tracking-results-label { padding: 5 !important; }.ewd-otp-tracking-results-value { font-family: Poppins !important; }.ewd-otp-tracking-results-value { font-size: 13 !important; }.ewd-otp-tracking-results-value { color: #000000 !important; }.ewd-otp-tracking-results-value { margin: 20 !important; }.ewd-otp-tracking-results-value { padding: 10 !important; }.ewd-otp-submit { background-color: #c67051 !important; }#ewd-otp-progressbar-round div.round {\r\n    background: #c67051;\r\n}\r\n<\/style><div  class=\"ewd-otp-form ewd-otp-tracking-form-div ewd-otp-disable-ajax\" >\n\n\t<div class='ewd-otp-tracking-results'>\n\t\t\t<\/div>\n\n\t\n\t<div class='ewd-otp-order-tracking-form-div'>\n\n\t\t<h3>\n\t\t\tTrack an Order\t\t<\/h3>\n\n\t\t<div class='ewd-otp-tracking-form-instructions'>\n\t\t\t       \t\t<\/div>\n\n\t\t\n\t\t\t<form action='#' method='post'  class='ewd-otp-tracking-form'>\n\t\n\t\t\t\t<input type='hidden' name='ewd_otp_form_type' value='order_form' \/>\n\t\n\t\t\t\t<div class='ewd-otp-form-identifier'>\n\n\t<label for='ewd_otp_identifier_number' class='ewd-otp-field-label'>Product code: <\/label>\n\t\n\t<input type='text' name='ewd_otp_identifier_number' placeholder='' \/>\n\n<\/div>\t\n\t\t\t\t\t\n\t\t\t\t<div class='ewd-otp-form-submit'>\n\n\t<label for='ewd_otp_form_submit'><\/label>\n\n\t<input type='submit' class='ewd-otp-submit' name='ewd_otp_form_submit' value='Seuraa' \/>\n\n<\/div>\t\n\t\t\t<\/form>\n\n\t\t\n\t\t\n\t<\/div>\n\n<\/div><\/div>\n\t\t\t\t\t\t<\/div>\n\t\t\t\t<\/div>\n\t\t\t\t\t<\/div>\n\t\t<\/div>\n\t\t\t\t<div class=\"elementor-column elementor-col-16 elementor-top-column elementor-element elementor-element-d02d391\" data-id=\"d02d391\" data-element_type=\"column\" data-e-type=\"column\">\n\t\t\t<div class=\"elementor-widget-wrap\">\n\t\t\t\t\t\t\t<\/div>\n\t\t<\/div>\n\t\t\t\t\t<\/div>\n\t\t<\/section>\n\t\t\t\t<section class=\"elementor-section elementor-top-section elementor-element elementor-element-81fab24 elementor-section-boxed elementor-section-height-default elementor-section-height-default\" data-id=\"81fab24\" data-element_type=\"section\" data-e-type=\"section\">\n\t\t\t\t\t\t<div class=\"elementor-container elementor-column-gap-default\">\n\t\t\t\t\t<div class=\"elementor-column elementor-col-25 elementor-top-column elementor-element elementor-element-ced1a0f\" data-id=\"ced1a0f\" data-element_type=\"column\" data-e-type=\"column\">\n\t\t\t<div class=\"elementor-widget-wrap\">\n\t\t\t\t\t\t\t<\/div>\n\t\t<\/div>\n\t\t\t\t<div class=\"elementor-column elementor-col-50 elementor-top-column elementor-element elementor-element-e539025\" data-id=\"e539025\" data-element_type=\"column\" data-e-type=\"column\">\n\t\t\t<div class=\"elementor-widget-wrap elementor-element-populated\">\n\t\t\t\t\t\t<div class=\"elementor-element elementor-element-c6cffb4 elementor-widget elementor-widget-text-editor\" data-id=\"c6cffb4\" data-element_type=\"widget\" data-e-type=\"widget\" data-widget_type=\"text-editor.default\">\n\t\t\t\t<div class=\"elementor-widget-container\">\n\t\t\t\t\t\t\t\t\t<div class=\"wp-block-column\">\r\n<p class=\"has-small-font-size\"><em>Jos haluat kurkata ennen varsinaisen tilauksen tekemist\u00e4, milt\u00e4 tuotannon seuranta n\u00e4ytt\u00e4\u00e4, sinulla on &#8221;lupa tarkistaa&#8221;. Sy\u00f6t\u00e4 kentt\u00e4\u00e4n koodi 007.<\/em><\/p>\r\n\r\n<\/div>\t\t\t\t\t\t\t\t<\/div>\n\t\t\t\t<\/div>\n\t\t\t\t\t<\/div>\n\t\t<\/div>\n\t\t\t\t<div class=\"elementor-column elementor-col-25 elementor-top-column elementor-element elementor-element-513e362\" data-id=\"513e362\" data-element_type=\"column\" data-e-type=\"column\">\n\t\t\t<div class=\"elementor-widget-wrap\">\n\t\t\t\t\t\t\t<\/div>\n\t\t<\/div>\n\t\t\t\t\t<\/div>\n\t\t<\/section>\n\t\t\t\t<\/div>\n\t\t","protected":false},"excerpt":{"rendered":"<p>T\u00e4\u00e4ll\u00e4 voit seurata tilaamasi vaatteen tuotantoa. Olet t\u00e4rke\u00e4 osa Verm\u00e8t:n tuotantoprosessia, ja haluamme sinun tiet\u00e4v\u00e4n, mit\u00e4 tuotteellesi tapahtuu t\u00e4ll\u00e4 hetkell\u00e4,\u2026<\/p>\n","protected":false},"author":1,"featured_media":0,"parent":0,"menu_order":0,"comment_status":"closed","ping_status":"closed","template":"","meta":{"footnotes":""},"class_list":["post-3520","page","type-page","status-publish","hentry"],"yoast_head":"<!-- This site is optimized with the Yoast SEO Premium plugin v19.4 (Yoast SEO v27.5) - https:\/\/yoast.com\/product\/yoast-seo-premium-wordpress\/ -->\n<title>Tuotannon seuranta - Verm\u00e9t<\/title>\n<meta name=\"robots\" content=\"index, follow, max-snippet:-1, max-image-preview:large, max-video-preview:-1\" \/>\n<link rel=\"canonical\" href=\"https:\/\/www.vermetdesign.com\/production-tracking\/\" \/>\n<meta property=\"og:locale\" content=\"fi_FI\" \/>\n<meta property=\"og:type\" content=\"article\" \/>\n<meta property=\"og:title\" content=\"Tuotannon seuranta\" \/>\n<meta property=\"og:description\" content=\"T\u00e4\u00e4ll\u00e4 voit seurata tilaamasi vaatteen tuotantoa. Olet t\u00e4rke\u00e4 osa Verm\u00e8t:n tuotantoprosessia, ja haluamme sinun tiet\u00e4v\u00e4n, mit\u00e4 tuotteellesi tapahtuu t\u00e4ll\u00e4 hetkell\u00e4,\u2026\" \/>\n<meta property=\"og:url\" content=\"https:\/\/www.vermetdesign.com\/production-tracking\/\" \/>\n<meta property=\"og:site_name\" content=\"Verm\u00e9t\" \/>\n<meta property=\"article:publisher\" content=\"https:\/\/www.facebook.com\/vermetdesign\" \/>\n<meta property=\"article:modified_time\" content=\"2022-12-27T13:50:55+00:00\" \/>\n<meta name=\"twitter:card\" content=\"summary_large_image\" \/>\n<script type=\"application\/ld+json\" class=\"yoast-schema-graph\">{\"@context\":\"https:\\\/\\\/schema.org\",\"@graph\":[{\"@type\":\"WebPage\",\"@id\":\"https:\\\/\\\/www.vermetdesign.com\\\/production-tracking\\\/\",\"url\":\"https:\\\/\\\/www.vermetdesign.com\\\/production-tracking\\\/\",\"name\":\"Tuotannon seuranta - Verm\u00e9t\",\"isPartOf\":{\"@id\":\"https:\\\/\\\/www.vermetdesign.com\\\/#website\"},\"datePublished\":\"2020-11-05T11:44:10+00:00\",\"dateModified\":\"2022-12-27T13:50:55+00:00\",\"breadcrumb\":{\"@id\":\"https:\\\/\\\/www.vermetdesign.com\\\/production-tracking\\\/#breadcrumb\"},\"inLanguage\":\"fi\",\"potentialAction\":[{\"@type\":\"ReadAction\",\"target\":[\"https:\\\/\\\/www.vermetdesign.com\\\/production-tracking\\\/\"]}]},{\"@type\":\"BreadcrumbList\",\"@id\":\"https:\\\/\\\/www.vermetdesign.com\\\/production-tracking\\\/#breadcrumb\",\"itemListElement\":[{\"@type\":\"ListItem\",\"position\":1,\"name\":\"Home\",\"item\":\"https:\\\/\\\/www.vermetdesign.com\\\/\"},{\"@type\":\"ListItem\",\"position\":2,\"name\":\"Tuotannon seuranta\"}]},{\"@type\":\"WebSite\",\"@id\":\"https:\\\/\\\/www.vermetdesign.com\\\/#website\",\"url\":\"https:\\\/\\\/www.vermetdesign.com\\\/\",\"name\":\"verm\u00e9t\",\"description\":\"Verm\u00e9t is not your ordinary sustainable kidswear brand. We are misbehaving, but we\u2019re not going apologize. Let\u2019s change the way we shop. Ready when you are.\",\"publisher\":{\"@id\":\"https:\\\/\\\/www.vermetdesign.com\\\/#organization\"},\"alternateName\":\"vermet\",\"potentialAction\":[{\"@type\":\"SearchAction\",\"target\":{\"@type\":\"EntryPoint\",\"urlTemplate\":\"https:\\\/\\\/www.vermetdesign.com\\\/?s={search_term_string}\"},\"query-input\":{\"@type\":\"PropertyValueSpecification\",\"valueRequired\":true,\"valueName\":\"search_term_string\"}}],\"inLanguage\":\"fi\"},{\"@type\":\"Organization\",\"@id\":\"https:\\\/\\\/www.vermetdesign.com\\\/#organization\",\"name\":\"Verm\u00e9t Design\",\"alternateName\":\"Vermet Design\",\"url\":\"https:\\\/\\\/www.vermetdesign.com\\\/\",\"logo\":{\"@type\":\"ImageObject\",\"inLanguage\":\"fi\",\"@id\":\"https:\\\/\\\/www.vermetdesign.com\\\/#\\\/schema\\\/logo\\\/image\\\/\",\"url\":\"https:\\\/\\\/www.vermetdesign.com\\\/wp-content\\\/uploads\\\/2020\\\/07\\\/vermet-logo-black-small.jpg\",\"contentUrl\":\"https:\\\/\\\/www.vermetdesign.com\\\/wp-content\\\/uploads\\\/2020\\\/07\\\/vermet-logo-black-small.jpg\",\"width\":170,\"height\":34,\"caption\":\"Verm\u00e9t Design\"},\"image\":{\"@id\":\"https:\\\/\\\/www.vermetdesign.com\\\/#\\\/schema\\\/logo\\\/image\\\/\"},\"sameAs\":[\"https:\\\/\\\/www.facebook.com\\\/vermetdesign\",\"https:\\\/\\\/www.instagram.com\\\/vermetdesign\\\/\",\"https:\\\/\\\/fi.pinterest.com\\\/vermetdesign\\\/\"]}]}<\/script>\n<!-- \/ Yoast SEO Premium plugin. -->","yoast_head_json":{"title":"Tuotannon seuranta - Verm\u00e9t","robots":{"index":"index","follow":"follow","max-snippet":"max-snippet:-1","max-image-preview":"max-image-preview:large","max-video-preview":"max-video-preview:-1"},"canonical":"https:\/\/www.vermetdesign.com\/production-tracking\/","og_locale":"fi_FI","og_type":"article","og_title":"Tuotannon seuranta","og_description":"T\u00e4\u00e4ll\u00e4 voit seurata tilaamasi vaatteen tuotantoa. Olet t\u00e4rke\u00e4 osa Verm\u00e8t:n tuotantoprosessia, ja haluamme sinun tiet\u00e4v\u00e4n, mit\u00e4 tuotteellesi tapahtuu t\u00e4ll\u00e4 hetkell\u00e4,\u2026","og_url":"https:\/\/www.vermetdesign.com\/production-tracking\/","og_site_name":"Verm\u00e9t","article_publisher":"https:\/\/www.facebook.com\/vermetdesign","article_modified_time":"2022-12-27T13:50:55+00:00","twitter_card":"summary_large_image","schema":{"@context":"https:\/\/schema.org","@graph":[{"@type":"WebPage","@id":"https:\/\/www.vermetdesign.com\/production-tracking\/","url":"https:\/\/www.vermetdesign.com\/production-tracking\/","name":"Tuotannon seuranta - Verm\u00e9t","isPartOf":{"@id":"https:\/\/www.vermetdesign.com\/#website"},"datePublished":"2020-11-05T11:44:10+00:00","dateModified":"2022-12-27T13:50:55+00:00","breadcrumb":{"@id":"https:\/\/www.vermetdesign.com\/production-tracking\/#breadcrumb"},"inLanguage":"fi","potentialAction":[{"@type":"ReadAction","target":["https:\/\/www.vermetdesign.com\/production-tracking\/"]}]},{"@type":"BreadcrumbList","@id":"https:\/\/www.vermetdesign.com\/production-tracking\/#breadcrumb","itemListElement":[{"@type":"ListItem","position":1,"name":"Home","item":"https:\/\/www.vermetdesign.com\/"},{"@type":"ListItem","position":2,"name":"Tuotannon seuranta"}]},{"@type":"WebSite","@id":"https:\/\/www.vermetdesign.com\/#website","url":"https:\/\/www.vermetdesign.com\/","name":"verm\u00e9t","description":"Verm\u00e9t is not your ordinary sustainable kidswear brand. We are misbehaving, but we\u2019re not going apologize. Let\u2019s change the way we shop. Ready when you are.","publisher":{"@id":"https:\/\/www.vermetdesign.com\/#organization"},"alternateName":"vermet","potentialAction":[{"@type":"SearchAction","target":{"@type":"EntryPoint","urlTemplate":"https:\/\/www.vermetdesign.com\/?s={search_term_string}"},"query-input":{"@type":"PropertyValueSpecification","valueRequired":true,"valueName":"search_term_string"}}],"inLanguage":"fi"},{"@type":"Organization","@id":"https:\/\/www.vermetdesign.com\/#organization","name":"Verm\u00e9t Design","alternateName":"Vermet Design","url":"https:\/\/www.vermetdesign.com\/","logo":{"@type":"ImageObject","inLanguage":"fi","@id":"https:\/\/www.vermetdesign.com\/#\/schema\/logo\/image\/","url":"https:\/\/www.vermetdesign.com\/wp-content\/uploads\/2020\/07\/vermet-logo-black-small.jpg","contentUrl":"https:\/\/www.vermetdesign.com\/wp-content\/uploads\/2020\/07\/vermet-logo-black-small.jpg","width":170,"height":34,"caption":"Verm\u00e9t Design"},"image":{"@id":"https:\/\/www.vermetdesign.com\/#\/schema\/logo\/image\/"},"sameAs":["https:\/\/www.facebook.com\/vermetdesign","https:\/\/www.instagram.com\/vermetdesign\/","https:\/\/fi.pinterest.com\/vermetdesign\/"]}]}},"_links":{"self":[{"href":"https:\/\/www.vermetdesign.com\/fi\/wp-json\/wp\/v2\/pages\/3520","targetHints":{"allow":["GET"]}}],"collection":[{"href":"https:\/\/www.vermetdesign.com\/fi\/wp-json\/wp\/v2\/pages"}],"about":[{"href":"https:\/\/www.vermetdesign.com\/fi\/wp-json\/wp\/v2\/types\/page"}],"author":[{"embeddable":true,"href":"https:\/\/www.vermetdesign.com\/fi\/wp-json\/wp\/v2\/users\/1"}],"replies":[{"embeddable":true,"href":"https:\/\/www.vermetdesign.com\/fi\/wp-json\/wp\/v2\/comments?post=3520"}],"version-history":[{"count":30,"href":"https:\/\/www.vermetdesign.com\/fi\/wp-json\/wp\/v2\/pages\/3520\/revisions"}],"predecessor-version":[{"id":6133,"href":"https:\/\/www.vermetdesign.com\/fi\/wp-json\/wp\/v2\/pages\/3520\/revisions\/6133"}],"wp:attachment":[{"href":"https:\/\/www.vermetdesign.com\/fi\/wp-json\/wp\/v2\/media?parent=3520"}],"curies":[{"name":"wp","href":"https:\/\/api.w.org\/{rel}","templated":true}]}}