{"id":3618,"date":"2022-05-30T15:22:59","date_gmt":"2022-05-30T12:22:59","guid":{"rendered":"https:\/\/www.vermetdesign.com\/koko-opas\/"},"modified":"2022-11-18T14:39:24","modified_gmt":"2022-11-18T12:39:24","slug":"koko-opas","status":"publish","type":"page","link":"https:\/\/www.vermetdesign.com\/fi\/koko-opas\/","title":{"rendered":"Koko opas"},"content":{"rendered":"\t\t<div data-elementor-type=\"wp-page\" data-elementor-id=\"3618\" class=\"elementor elementor-3618 elementor-3252\" data-elementor-post-type=\"page\">\n\t\t\t\t\t\t<section class=\"elementor-section elementor-top-section elementor-element elementor-element-ab08e7b elementor-section-boxed elementor-section-height-default elementor-section-height-default\" data-id=\"ab08e7b\" data-element_type=\"section\" data-e-type=\"section\">\n\t\t\t\t\t\t<div class=\"elementor-container elementor-column-gap-default\">\n\t\t\t\t\t<div class=\"elementor-column elementor-col-100 elementor-top-column elementor-element elementor-element-d1a2ca3\" data-id=\"d1a2ca3\" data-element_type=\"column\" data-e-type=\"column\">\n\t\t\t<div class=\"elementor-widget-wrap elementor-element-populated\">\n\t\t\t\t\t\t<div class=\"elementor-element elementor-element-4bb0cce elementor-widget elementor-widget-spacer\" data-id=\"4bb0cce\" data-element_type=\"widget\" data-e-type=\"widget\" data-widget_type=\"spacer.default\">\n\t\t\t\t<div class=\"elementor-widget-container\">\n\t\t\t\t\t\t\t<div class=\"elementor-spacer\">\n\t\t\t<div class=\"elementor-spacer-inner\"><\/div>\n\t\t<\/div>\n\t\t\t\t\t\t<\/div>\n\t\t\t\t<\/div>\n\t\t\t\t\t<\/div>\n\t\t<\/div>\n\t\t\t\t\t<\/div>\n\t\t<\/section>\n\t\t\t\t<section class=\"elementor-section elementor-top-section elementor-element elementor-element-d85949a elementor-section-boxed elementor-section-height-default elementor-section-height-default\" data-id=\"d85949a\" data-element_type=\"section\" data-e-type=\"section\">\n\t\t\t\t\t\t<div class=\"elementor-container elementor-column-gap-default\">\n\t\t\t\t\t<div class=\"elementor-column elementor-col-100 elementor-top-column elementor-element elementor-element-667b710\" data-id=\"667b710\" data-element_type=\"column\" data-e-type=\"column\">\n\t\t\t<div class=\"elementor-widget-wrap elementor-element-populated\">\n\t\t\t\t\t\t<div class=\"elementor-element elementor-element-5641538 elementor-widget elementor-widget-text-editor\" data-id=\"5641538\" data-element_type=\"widget\" data-e-type=\"widget\" data-widget_type=\"text-editor.default\">\n\t\t\t\t<div class=\"elementor-widget-container\">\n\t\t\t\t\t\t\t\t\t<p>Me Verm\u00e9tiss\u00e4 suhtaudumme istuvuuteen vakavasti. <\/p><p>Maailman makeimmatkin vaatteet ovat hy\u00f6dytt\u00f6mi\u00e4, jos lapsi ei tunne oloaan mukavaksi. Siksi tarkistamme vaatteiden istuvuuden useilla lapsilla ja kuuntelemme heid\u00e4n kommenttejaan varmistaaksemme, ett\u00e4 vaatteet t\u00e4ytt\u00e4v\u00e4t heid\u00e4n tarpeensa. Kun olemme m\u00e4\u00e4ritelleet tuotteelle hyv\u00e4n istuvuuden, emme muuta sit\u00e4. Saatamme k\u00e4ytt\u00e4\u00e4 tuotteessa eri kankailla, mutta istuvuus pidet\u00e4\u00e4n samana.<\/p><p><strong>Mittaa lapsi<\/strong><\/p><p>Pyyd\u00e4 lastasi nostamaan k\u00e4tens\u00e4 sivulle ja mittaa mittanauhalla leveimm\u00e4ist\u00e4 kohdista. T\u00e4rkeimm\u00e4t mitat l\u00f6ytyv\u00e4t alla olevasta mittataulukosta. Kokotaulukon mitat ovat vartalon mittoja, eiv\u00e4t vaatteen mittoja.<\/p><p>Emme ole koskaan painineet raivotautisen pesukarhun kanssa, mutta olemme kyll\u00e4 yritt\u00e4neet ottaa mittoja nelivuotiaalta. T\u00e4ss\u00e4 siis vinkki hieman eri tapaan tarkistaa sopivia mittoja: jos sinulla on jo saman tyyppinen vaate, joka istuu hyvin, mittaa se ja vertaa sit\u00e4 meid\u00e4n yksitt\u00e4isten tuotteiden mittataulukoihin. Kaikki n\u00e4m\u00e4 mitat ovat ennen k\u00e4ytt\u00f6\u00e4 ja pesua. On siis normaalia, ett\u00e4 luonnon kuituinen vaate kutistuu noin 5 %, kun vaate pest\u00e4\u00e4n.<\/p>\t\t\t\t\t\t\t\t<\/div>\n\t\t\t\t<\/div>\n\t\t\t\t<div class=\"elementor-element elementor-element-61fb36a elementor-widget elementor-widget-spacer\" data-id=\"61fb36a\" data-element_type=\"widget\" data-e-type=\"widget\" data-widget_type=\"spacer.default\">\n\t\t\t\t<div class=\"elementor-widget-container\">\n\t\t\t\t\t\t\t<div class=\"elementor-spacer\">\n\t\t\t<div class=\"elementor-spacer-inner\"><\/div>\n\t\t<\/div>\n\t\t\t\t\t\t<\/div>\n\t\t\t\t<\/div>\n\t\t\t\t\t<\/div>\n\t\t<\/div>\n\t\t\t\t\t<\/div>\n\t\t<\/section>\n\t\t\t\t<section class=\"elementor-section elementor-top-section elementor-element elementor-element-e7bfecd elementor-hidden-tablet elementor-hidden-mobile elementor-section-boxed elementor-section-height-default elementor-section-height-default\" data-id=\"e7bfecd\" data-element_type=\"section\" data-e-type=\"section\">\n\t\t\t\t\t\t<div class=\"elementor-container elementor-column-gap-default\">\n\t\t\t\t\t<div class=\"elementor-column elementor-col-16 elementor-top-column elementor-element elementor-element-f339307\" data-id=\"f339307\" data-element_type=\"column\" data-e-type=\"column\">\n\t\t\t<div class=\"elementor-widget-wrap\">\n\t\t\t\t\t\t\t<\/div>\n\t\t<\/div>\n\t\t\t\t<div class=\"elementor-column elementor-col-66 elementor-top-column elementor-element elementor-element-9686c1f\" data-id=\"9686c1f\" data-element_type=\"column\" data-e-type=\"column\">\n\t\t\t<div class=\"elementor-widget-wrap elementor-element-populated\">\n\t\t\t\t\t\t<div class=\"elementor-element elementor-element-4cb1a9e elementor-widget elementor-widget-image\" data-id=\"4cb1a9e\" data-element_type=\"widget\" data-e-type=\"widget\" data-widget_type=\"image.default\">\n\t\t\t\t<div class=\"elementor-widget-container\">\n\t\t\t\t\t\t\t\t\t\t\t\t\t\t\t<img fetchpriority=\"high\" decoding=\"async\" width=\"2048\" height=\"993\" src=\"https:\/\/www.vermetdesign.com\/wp-content\/uploads\/2022\/05\/vermet-measurement-chart-2048x993.webp\" class=\"attachment-2048x2048 size-2048x2048 wp-image-3454\" alt=\"\" srcset=\"https:\/\/www.vermetdesign.com\/wp-content\/uploads\/2022\/05\/vermet-measurement-chart-2048x993.webp 2048w, https:\/\/www.vermetdesign.com\/wp-content\/uploads\/2022\/05\/vermet-measurement-chart-300x145.webp 300w, https:\/\/www.vermetdesign.com\/wp-content\/uploads\/2022\/05\/vermet-measurement-chart-1024x496.webp 1024w, https:\/\/www.vermetdesign.com\/wp-content\/uploads\/2022\/05\/vermet-measurement-chart-768x372.webp 768w, https:\/\/www.vermetdesign.com\/wp-content\/uploads\/2022\/05\/vermet-measurement-chart-1536x745.webp 1536w, https:\/\/www.vermetdesign.com\/wp-content\/uploads\/2022\/05\/vermet-measurement-chart-scaled.webp 2560w\" sizes=\"(max-width: 2048px) 100vw, 2048px\" \/>\t\t\t\t\t\t\t\t\t\t\t\t\t\t\t<\/div>\n\t\t\t\t<\/div>\n\t\t\t\t\t<\/div>\n\t\t<\/div>\n\t\t\t\t<div class=\"elementor-column elementor-col-16 elementor-top-column elementor-element elementor-element-e5596e4\" data-id=\"e5596e4\" data-element_type=\"column\" data-e-type=\"column\">\n\t\t\t<div class=\"elementor-widget-wrap\">\n\t\t\t\t\t\t\t<\/div>\n\t\t<\/div>\n\t\t\t\t\t<\/div>\n\t\t<\/section>\n\t\t\t\t<section class=\"elementor-section elementor-top-section elementor-element elementor-element-1c3f08c elementor-section-boxed elementor-section-height-default elementor-section-height-default\" data-id=\"1c3f08c\" data-element_type=\"section\" data-e-type=\"section\">\n\t\t\t\t\t\t<div class=\"elementor-container elementor-column-gap-default\">\n\t\t\t\t\t<div class=\"elementor-column elementor-col-100 elementor-top-column elementor-element elementor-element-fb6836b\" data-id=\"fb6836b\" data-element_type=\"column\" data-e-type=\"column\">\n\t\t\t<div class=\"elementor-widget-wrap elementor-element-populated\">\n\t\t\t\t\t\t<div class=\"elementor-element elementor-element-521ad06 elementor-hidden-desktop elementor-hidden-tablet elementor-widget elementor-widget-text-editor\" data-id=\"521ad06\" data-element_type=\"widget\" data-e-type=\"widget\" data-widget_type=\"text-editor.default\">\n\t\t\t\t<div class=\"elementor-widget-container\">\n\t\t\t\t\t\t\t\t\t<span style=\"font-family: maquire; font-size: 18pt;\">ZoooomaaaA&#8230;<\/span>\t\t\t\t\t\t\t\t<\/div>\n\t\t\t\t<\/div>\n\t\t\t\t\t<\/div>\n\t\t<\/div>\n\t\t\t\t\t<\/div>\n\t\t<\/section>\n\t\t\t\t<section class=\"elementor-section elementor-top-section elementor-element elementor-element-f9a1615 elementor-hidden-desktop elementor-section-boxed elementor-section-height-default elementor-section-height-default\" data-id=\"f9a1615\" data-element_type=\"section\" data-e-type=\"section\">\n\t\t\t\t\t\t<div class=\"elementor-container elementor-column-gap-default\">\n\t\t\t\t\t<div class=\"elementor-column elementor-col-50 elementor-top-column elementor-element elementor-element-d2c60cf\" data-id=\"d2c60cf\" data-element_type=\"column\" data-e-type=\"column\">\n\t\t\t<div class=\"elementor-widget-wrap elementor-element-populated\">\n\t\t\t\t\t\t<div class=\"elementor-element elementor-element-c4b5d32 zoooom elementor-widget elementor-widget-image\" data-id=\"c4b5d32\" data-element_type=\"widget\" data-e-type=\"widget\" data-widget_type=\"image.default\">\n\t\t\t\t<div class=\"elementor-widget-container\">\n\t\t\t\t\t\t\t\t\t\t\t\t\t\t\t<img decoding=\"async\" width=\"577\" height=\"396\" src=\"https:\/\/www.vermetdesign.com\/wp-content\/uploads\/2022\/08\/size-chart_mobile-01_72.webp\" class=\"attachment-large size-large wp-image-5122\" alt=\"\" srcset=\"https:\/\/www.vermetdesign.com\/wp-content\/uploads\/2022\/08\/size-chart_mobile-01_72.webp 577w, https:\/\/www.vermetdesign.com\/wp-content\/uploads\/2022\/08\/size-chart_mobile-01_72-300x206.webp 300w\" sizes=\"(max-width: 577px) 100vw, 577px\" \/>\t\t\t\t\t\t\t\t\t\t\t\t\t\t\t<\/div>\n\t\t\t\t<\/div>\n\t\t\t\t\t<\/div>\n\t\t<\/div>\n\t\t\t\t<div class=\"elementor-column elementor-col-50 elementor-top-column elementor-element elementor-element-4a92621\" data-id=\"4a92621\" data-element_type=\"column\" data-e-type=\"column\">\n\t\t\t<div class=\"elementor-widget-wrap elementor-element-populated\">\n\t\t\t\t\t\t<div class=\"elementor-element elementor-element-889c51d elementor-widget elementor-widget-image\" data-id=\"889c51d\" data-element_type=\"widget\" data-e-type=\"widget\" data-widget_type=\"image.default\">\n\t\t\t\t<div class=\"elementor-widget-container\">\n\t\t\t\t\t\t\t\t\t\t\t\t\t\t\t<img decoding=\"async\" width=\"909\" height=\"1024\" src=\"https:\/\/www.vermetdesign.com\/wp-content\/uploads\/2022\/06\/vermet-how-to-measure-your-kid-909x1024.webp\" class=\"attachment-large size-large wp-image-3639\" alt=\"how to measure your kid graphic vermet\" srcset=\"https:\/\/www.vermetdesign.com\/wp-content\/uploads\/2022\/06\/vermet-how-to-measure-your-kid-909x1024.webp 909w, https:\/\/www.vermetdesign.com\/wp-content\/uploads\/2022\/06\/vermet-how-to-measure-your-kid-266x300.webp 266w, https:\/\/www.vermetdesign.com\/wp-content\/uploads\/2022\/06\/vermet-how-to-measure-your-kid-768x865.webp 768w, https:\/\/www.vermetdesign.com\/wp-content\/uploads\/2022\/06\/vermet-how-to-measure-your-kid.webp 1208w\" sizes=\"(max-width: 909px) 100vw, 909px\" \/>\t\t\t\t\t\t\t\t\t\t\t\t\t\t\t<\/div>\n\t\t\t\t<\/div>\n\t\t\t\t\t<\/div>\n\t\t<\/div>\n\t\t\t\t\t<\/div>\n\t\t<\/section>\n\t\t\t\t<section class=\"elementor-section elementor-top-section elementor-element elementor-element-cf56ed0 elementor-section-boxed elementor-section-height-default elementor-section-height-default\" data-id=\"cf56ed0\" data-element_type=\"section\" data-e-type=\"section\">\n\t\t\t\t\t\t<div class=\"elementor-container elementor-column-gap-default\">\n\t\t\t\t\t<div class=\"elementor-column elementor-col-100 elementor-top-column elementor-element elementor-element-bb5ecb3\" data-id=\"bb5ecb3\" data-element_type=\"column\" data-e-type=\"column\">\n\t\t\t<div class=\"elementor-widget-wrap elementor-element-populated\">\n\t\t\t\t\t\t<div class=\"elementor-element elementor-element-0318ce8 elementor-widget elementor-widget-spacer\" data-id=\"0318ce8\" data-element_type=\"widget\" data-e-type=\"widget\" data-widget_type=\"spacer.default\">\n\t\t\t\t<div class=\"elementor-widget-container\">\n\t\t\t\t\t\t\t<div class=\"elementor-spacer\">\n\t\t\t<div class=\"elementor-spacer-inner\"><\/div>\n\t\t<\/div>\n\t\t\t\t\t\t<\/div>\n\t\t\t\t<\/div>\n\t\t\t\t\t<\/div>\n\t\t<\/div>\n\t\t\t\t\t<\/div>\n\t\t<\/section>\n\t\t\t\t<\/div>\n\t\t","protected":false},"excerpt":{"rendered":"<p>Me Verm\u00e9tiss\u00e4 suhtaudumme istuvuuteen vakavasti. Maailman makeimmatkin vaatteet ovat hy\u00f6dytt\u00f6mi\u00e4, jos lapsi ei tunne oloaan mukavaksi. Siksi tarkistamme vaatteiden istuvuuden\u2026<\/p>\n","protected":false},"author":1,"featured_media":0,"parent":0,"menu_order":0,"comment_status":"closed","ping_status":"closed","template":"","meta":{"footnotes":""},"class_list":["post-3618","page","type-page","status-publish","hentry"],"yoast_head":"<!-- This site is optimized with the Yoast SEO Premium plugin v19.4 (Yoast SEO v27.5) - https:\/\/yoast.com\/product\/yoast-seo-premium-wordpress\/ -->\n<title>Koko opas - Verm\u00e9t<\/title>\n<meta name=\"robots\" content=\"index, follow, max-snippet:-1, max-image-preview:large, max-video-preview:-1\" \/>\n<link rel=\"canonical\" href=\"https:\/\/www.vermetdesign.com\/size-guide\/\" \/>\n<meta property=\"og:locale\" content=\"fi_FI\" \/>\n<meta property=\"og:type\" content=\"article\" \/>\n<meta property=\"og:title\" content=\"Koko opas\" \/>\n<meta property=\"og:description\" content=\"Me Verm\u00e9tiss\u00e4 suhtaudumme istuvuuteen vakavasti. Maailman makeimmatkin vaatteet ovat hy\u00f6dytt\u00f6mi\u00e4, jos lapsi ei tunne oloaan mukavaksi. Siksi tarkistamme vaatteiden istuvuuden\u2026\" \/>\n<meta property=\"og:url\" content=\"https:\/\/www.vermetdesign.com\/size-guide\/\" \/>\n<meta property=\"og:site_name\" content=\"Verm\u00e9t\" \/>\n<meta property=\"article:publisher\" content=\"https:\/\/www.facebook.com\/vermetdesign\" \/>\n<meta property=\"article:modified_time\" content=\"2022-11-18T12:39:24+00:00\" \/>\n<meta property=\"og:image\" content=\"https:\/\/www.vermetdesign.com\/wp-content\/uploads\/2022\/05\/vermet-measurement-chart-2048x993.webp\" \/>\n<meta name=\"twitter:card\" content=\"summary_large_image\" \/>\n<meta name=\"twitter:label1\" content=\"Arvioitu lukuaika\" \/>\n\t<meta name=\"twitter:data1\" content=\"2 minuuttia\" \/>\n<script type=\"application\/ld+json\" class=\"yoast-schema-graph\">{\"@context\":\"https:\\\/\\\/schema.org\",\"@graph\":[{\"@type\":\"WebPage\",\"@id\":\"https:\\\/\\\/www.vermetdesign.com\\\/size-guide\\\/\",\"url\":\"https:\\\/\\\/www.vermetdesign.com\\\/size-guide\\\/\",\"name\":\"Koko opas - Verm\u00e9t\",\"isPartOf\":{\"@id\":\"https:\\\/\\\/www.vermetdesign.com\\\/#website\"},\"primaryImageOfPage\":{\"@id\":\"https:\\\/\\\/www.vermetdesign.com\\\/size-guide\\\/#primaryimage\"},\"image\":{\"@id\":\"https:\\\/\\\/www.vermetdesign.com\\\/size-guide\\\/#primaryimage\"},\"thumbnailUrl\":\"https:\\\/\\\/www.vermetdesign.com\\\/wp-content\\\/uploads\\\/2022\\\/05\\\/vermet-measurement-chart-2048x993.webp\",\"datePublished\":\"2022-05-30T12:22:59+00:00\",\"dateModified\":\"2022-11-18T12:39:24+00:00\",\"breadcrumb\":{\"@id\":\"https:\\\/\\\/www.vermetdesign.com\\\/size-guide\\\/#breadcrumb\"},\"inLanguage\":\"fi\",\"potentialAction\":[{\"@type\":\"ReadAction\",\"target\":[\"https:\\\/\\\/www.vermetdesign.com\\\/size-guide\\\/\"]}]},{\"@type\":\"ImageObject\",\"inLanguage\":\"fi\",\"@id\":\"https:\\\/\\\/www.vermetdesign.com\\\/size-guide\\\/#primaryimage\",\"url\":\"https:\\\/\\\/www.vermetdesign.com\\\/wp-content\\\/uploads\\\/2022\\\/05\\\/vermet-measurement-chart-2048x993.webp\",\"contentUrl\":\"https:\\\/\\\/www.vermetdesign.com\\\/wp-content\\\/uploads\\\/2022\\\/05\\\/vermet-measurement-chart-2048x993.webp\"},{\"@type\":\"BreadcrumbList\",\"@id\":\"https:\\\/\\\/www.vermetdesign.com\\\/size-guide\\\/#breadcrumb\",\"itemListElement\":[{\"@type\":\"ListItem\",\"position\":1,\"name\":\"Home\",\"item\":\"https:\\\/\\\/www.vermetdesign.com\\\/\"},{\"@type\":\"ListItem\",\"position\":2,\"name\":\"Koko opas\"}]},{\"@type\":\"WebSite\",\"@id\":\"https:\\\/\\\/www.vermetdesign.com\\\/#website\",\"url\":\"https:\\\/\\\/www.vermetdesign.com\\\/\",\"name\":\"verm\u00e9t\",\"description\":\"Verm\u00e9t is not your ordinary sustainable kidswear brand. We are misbehaving, but we\u2019re not going apologize. Let\u2019s change the way we shop. Ready when you are.\",\"publisher\":{\"@id\":\"https:\\\/\\\/www.vermetdesign.com\\\/#organization\"},\"alternateName\":\"vermet\",\"potentialAction\":[{\"@type\":\"SearchAction\",\"target\":{\"@type\":\"EntryPoint\",\"urlTemplate\":\"https:\\\/\\\/www.vermetdesign.com\\\/?s={search_term_string}\"},\"query-input\":{\"@type\":\"PropertyValueSpecification\",\"valueRequired\":true,\"valueName\":\"search_term_string\"}}],\"inLanguage\":\"fi\"},{\"@type\":\"Organization\",\"@id\":\"https:\\\/\\\/www.vermetdesign.com\\\/#organization\",\"name\":\"Verm\u00e9t Design\",\"alternateName\":\"Vermet Design\",\"url\":\"https:\\\/\\\/www.vermetdesign.com\\\/\",\"logo\":{\"@type\":\"ImageObject\",\"inLanguage\":\"fi\",\"@id\":\"https:\\\/\\\/www.vermetdesign.com\\\/#\\\/schema\\\/logo\\\/image\\\/\",\"url\":\"https:\\\/\\\/www.vermetdesign.com\\\/wp-content\\\/uploads\\\/2020\\\/07\\\/vermet-logo-black-small.jpg\",\"contentUrl\":\"https:\\\/\\\/www.vermetdesign.com\\\/wp-content\\\/uploads\\\/2020\\\/07\\\/vermet-logo-black-small.jpg\",\"width\":170,\"height\":34,\"caption\":\"Verm\u00e9t Design\"},\"image\":{\"@id\":\"https:\\\/\\\/www.vermetdesign.com\\\/#\\\/schema\\\/logo\\\/image\\\/\"},\"sameAs\":[\"https:\\\/\\\/www.facebook.com\\\/vermetdesign\",\"https:\\\/\\\/www.instagram.com\\\/vermetdesign\\\/\",\"https:\\\/\\\/fi.pinterest.com\\\/vermetdesign\\\/\"]}]}<\/script>\n<!-- \/ Yoast SEO Premium plugin. -->","yoast_head_json":{"title":"Koko opas - Verm\u00e9t","robots":{"index":"index","follow":"follow","max-snippet":"max-snippet:-1","max-image-preview":"max-image-preview:large","max-video-preview":"max-video-preview:-1"},"canonical":"https:\/\/www.vermetdesign.com\/size-guide\/","og_locale":"fi_FI","og_type":"article","og_title":"Koko opas","og_description":"Me Verm\u00e9tiss\u00e4 suhtaudumme istuvuuteen vakavasti. Maailman makeimmatkin vaatteet ovat hy\u00f6dytt\u00f6mi\u00e4, jos lapsi ei tunne oloaan mukavaksi. Siksi tarkistamme vaatteiden istuvuuden\u2026","og_url":"https:\/\/www.vermetdesign.com\/size-guide\/","og_site_name":"Verm\u00e9t","article_publisher":"https:\/\/www.facebook.com\/vermetdesign","article_modified_time":"2022-11-18T12:39:24+00:00","og_image":[{"url":"https:\/\/www.vermetdesign.com\/wp-content\/uploads\/2022\/05\/vermet-measurement-chart-2048x993.webp","type":"","width":"","height":""}],"twitter_card":"summary_large_image","twitter_misc":{"Arvioitu lukuaika":"2 minuuttia"},"schema":{"@context":"https:\/\/schema.org","@graph":[{"@type":"WebPage","@id":"https:\/\/www.vermetdesign.com\/size-guide\/","url":"https:\/\/www.vermetdesign.com\/size-guide\/","name":"Koko opas - Verm\u00e9t","isPartOf":{"@id":"https:\/\/www.vermetdesign.com\/#website"},"primaryImageOfPage":{"@id":"https:\/\/www.vermetdesign.com\/size-guide\/#primaryimage"},"image":{"@id":"https:\/\/www.vermetdesign.com\/size-guide\/#primaryimage"},"thumbnailUrl":"https:\/\/www.vermetdesign.com\/wp-content\/uploads\/2022\/05\/vermet-measurement-chart-2048x993.webp","datePublished":"2022-05-30T12:22:59+00:00","dateModified":"2022-11-18T12:39:24+00:00","breadcrumb":{"@id":"https:\/\/www.vermetdesign.com\/size-guide\/#breadcrumb"},"inLanguage":"fi","potentialAction":[{"@type":"ReadAction","target":["https:\/\/www.vermetdesign.com\/size-guide\/"]}]},{"@type":"ImageObject","inLanguage":"fi","@id":"https:\/\/www.vermetdesign.com\/size-guide\/#primaryimage","url":"https:\/\/www.vermetdesign.com\/wp-content\/uploads\/2022\/05\/vermet-measurement-chart-2048x993.webp","contentUrl":"https:\/\/www.vermetdesign.com\/wp-content\/uploads\/2022\/05\/vermet-measurement-chart-2048x993.webp"},{"@type":"BreadcrumbList","@id":"https:\/\/www.vermetdesign.com\/size-guide\/#breadcrumb","itemListElement":[{"@type":"ListItem","position":1,"name":"Home","item":"https:\/\/www.vermetdesign.com\/"},{"@type":"ListItem","position":2,"name":"Koko opas"}]},{"@type":"WebSite","@id":"https:\/\/www.vermetdesign.com\/#website","url":"https:\/\/www.vermetdesign.com\/","name":"verm\u00e9t","description":"Verm\u00e9t is not your ordinary sustainable kidswear brand. We are misbehaving, but we\u2019re not going apologize. Let\u2019s change the way we shop. Ready when you are.","publisher":{"@id":"https:\/\/www.vermetdesign.com\/#organization"},"alternateName":"vermet","potentialAction":[{"@type":"SearchAction","target":{"@type":"EntryPoint","urlTemplate":"https:\/\/www.vermetdesign.com\/?s={search_term_string}"},"query-input":{"@type":"PropertyValueSpecification","valueRequired":true,"valueName":"search_term_string"}}],"inLanguage":"fi"},{"@type":"Organization","@id":"https:\/\/www.vermetdesign.com\/#organization","name":"Verm\u00e9t Design","alternateName":"Vermet Design","url":"https:\/\/www.vermetdesign.com\/","logo":{"@type":"ImageObject","inLanguage":"fi","@id":"https:\/\/www.vermetdesign.com\/#\/schema\/logo\/image\/","url":"https:\/\/www.vermetdesign.com\/wp-content\/uploads\/2020\/07\/vermet-logo-black-small.jpg","contentUrl":"https:\/\/www.vermetdesign.com\/wp-content\/uploads\/2020\/07\/vermet-logo-black-small.jpg","width":170,"height":34,"caption":"Verm\u00e9t Design"},"image":{"@id":"https:\/\/www.vermetdesign.com\/#\/schema\/logo\/image\/"},"sameAs":["https:\/\/www.facebook.com\/vermetdesign","https:\/\/www.instagram.com\/vermetdesign\/","https:\/\/fi.pinterest.com\/vermetdesign\/"]}]}},"_links":{"self":[{"href":"https:\/\/www.vermetdesign.com\/fi\/wp-json\/wp\/v2\/pages\/3618","targetHints":{"allow":["GET"]}}],"collection":[{"href":"https:\/\/www.vermetdesign.com\/fi\/wp-json\/wp\/v2\/pages"}],"about":[{"href":"https:\/\/www.vermetdesign.com\/fi\/wp-json\/wp\/v2\/types\/page"}],"author":[{"embeddable":true,"href":"https:\/\/www.vermetdesign.com\/fi\/wp-json\/wp\/v2\/users\/1"}],"replies":[{"embeddable":true,"href":"https:\/\/www.vermetdesign.com\/fi\/wp-json\/wp\/v2\/comments?post=3618"}],"version-history":[{"count":19,"href":"https:\/\/www.vermetdesign.com\/fi\/wp-json\/wp\/v2\/pages\/3618\/revisions"}],"predecessor-version":[{"id":5771,"href":"https:\/\/www.vermetdesign.com\/fi\/wp-json\/wp\/v2\/pages\/3618\/revisions\/5771"}],"wp:attachment":[{"href":"https:\/\/www.vermetdesign.com\/fi\/wp-json\/wp\/v2\/media?parent=3618"}],"curies":[{"name":"wp","href":"https:\/\/api.w.org\/{rel}","templated":true}]}}