{"id":3592,"date":"2021-11-25T17:30:50","date_gmt":"2021-11-25T15:30:50","guid":{"rendered":"https:\/\/www.vermetdesign.com\/shop\/noile\/"},"modified":"2023-04-06T16:49:25","modified_gmt":"2023-04-06T13:49:25","slug":"noile-fi","status":"publish","type":"product","link":"https:\/\/www.vermetdesign.com\/fi\/tuote\/noile-fi\/","title":{"rendered":"Noil\u00e9"},"content":{"rendered":"<p>Jos olet kyll\u00e4stynyt lajittelemaan sukkia tai sukkasi katoavat kuivausrummussa, olet oikeassa paikassa! Noil\u00e9 on n\u00e4pp\u00e4r\u00e4 pikku pyykkiapulainen. Se pit\u00e4\u00e4 sukat pareittain, jotta voit lopettaa lajittelu hulluuden. Pujota sukat pareittain ennen pesua, niin ne pysyv\u00e4t yhdess\u00e4, kunnes kaivat ne taas k\u00e4ytt\u00f6\u00f6n. Ei en\u00e4\u00e4 eripari sukkia!<\/p>\n<p>Noil\u00e9 on my\u00f6s hauska ja n\u00e4pp\u00e4r\u00e4 apuri, jonka avulla lapset oppivat lajittelemaan pyykki\u00e4 itse. Pyyd\u00e4 heit\u00e4 ripustamaan sukat naruun k\u00e4yt\u00f6n j\u00e4lkeen, ja voil\u00e0! Ett\u00e4 lajittelu voikin olla n\u00e4in vaivatonta!<\/p>\n<p>Pro vinkki: Hanki jokaiselle perheenj\u00e4senelle oma Noil\u00e9 ja pid\u00e4 kaikki heid\u00e4n pienet tavaransa (sukat, alusvaatteet, hiusdonitsit&#8230;) yhdess\u00e4 pesun ja kuivauksen ajan!<\/p>\n<p><em>Huomaa, ett\u00e4 helmien v\u00e4rit saattavat n\u00e4ky\u00e4 eri n\u00e4yt\u00f6ill\u00e4 eri tavoin.<\/em><\/p>\n","protected":false},"excerpt":{"rendered":"<p>Kuinka usein olet k\u00e4ytt\u00e4nyt aikaa pyykkisi lajitteluun etsien yhteensopivia sukkia? Lopeta ajan ja energian tuhlaaminen pikku pyykkien lajitteluun. Noil\u00e9 on t\u00e4\u00e4ll\u00e4 ja mullistaa pyykinpesusi!<\/p>\n","protected":false},"featured_media":4064,"comment_status":"open","ping_status":"closed","template":"","meta":[],"product_brand":[],"product_cat":[191],"product_tag":[],"class_list":{"0":"post-3592","1":"product","2":"type-product","3":"status-publish","4":"has-post-thumbnail","6":"product_cat-noile-fi","8":"first","9":"outofstock","10":"taxable","11":"shipping-taxable","12":"purchasable","13":"product-type-variable"},"yoast_head":"<!-- This site is optimized with the Yoast SEO Premium plugin v19.4 (Yoast SEO v27.5) - https:\/\/yoast.com\/product\/yoast-seo-premium-wordpress\/ -->\n<title>Noil\u00e9 - Verm\u00e9t<\/title>\n<meta name=\"description\" content=\"T\u00e4st\u00e4 todellinen hengenpelastaja! Unohda sukkien lajittelu ja parittomat sukat! Noil\u00e9 pit\u00e4\u00e4 sukat yhdess\u00e4 l\u00e4pi pesun. Niin helppoa, ett\u00e4 lapsikin sen osaa.\" \/>\n<meta name=\"robots\" content=\"index, follow, max-snippet:-1, max-image-preview:large, max-video-preview:-1\" \/>\n<link rel=\"canonical\" href=\"https:\/\/www.vermetdesign.com\/fi\/tuote\/noile-fi\/\" \/>\n<meta property=\"og:locale\" content=\"fi_FI\" \/>\n<meta property=\"og:type\" content=\"article\" \/>\n<meta property=\"og:title\" content=\"Noil\u00e9\" \/>\n<meta property=\"og:description\" content=\"T\u00e4st\u00e4 todellinen hengenpelastaja! Unohda sukkien lajittelu ja parittomat sukat! Noil\u00e9 pit\u00e4\u00e4 sukat yhdess\u00e4 l\u00e4pi pesun. Niin helppoa, ett\u00e4 lapsikin sen osaa.\" \/>\n<meta property=\"og:url\" content=\"https:\/\/www.vermetdesign.com\/fi\/tuote\/noile-fi\/\" \/>\n<meta property=\"og:site_name\" content=\"Verm\u00e9t\" \/>\n<meta property=\"article:publisher\" content=\"https:\/\/www.facebook.com\/vermetdesign\" \/>\n<meta property=\"article:modified_time\" content=\"2023-04-06T13:49:25+00:00\" \/>\n<meta property=\"og:image\" content=\"https:\/\/www.vermetdesign.com\/wp-content\/uploads\/2022\/08\/Noile-by-Vermet_socks.webp\" \/>\n\t<meta property=\"og:image:width\" content=\"1000\" \/>\n\t<meta property=\"og:image:height\" content=\"1000\" \/>\n\t<meta property=\"og:image:type\" content=\"image\/webp\" \/>\n<meta name=\"twitter:card\" content=\"summary_large_image\" \/>\n<meta name=\"twitter:label1\" content=\"Arvioitu lukuaika\" \/>\n\t<meta name=\"twitter:data1\" content=\"1 minuutti\" \/>\n<script type=\"application\/ld+json\" class=\"yoast-schema-graph\">{\"@context\":\"https:\\\/\\\/schema.org\",\"@graph\":[{\"@type\":\"WebPage\",\"@id\":\"https:\\\/\\\/www.vermetdesign.com\\\/fi\\\/tuote\\\/noile-fi\\\/\",\"url\":\"https:\\\/\\\/www.vermetdesign.com\\\/fi\\\/tuote\\\/noile-fi\\\/\",\"name\":\"Noil\u00e9 - Verm\u00e9t\",\"isPartOf\":{\"@id\":\"https:\\\/\\\/www.vermetdesign.com\\\/#website\"},\"primaryImageOfPage\":{\"@id\":\"https:\\\/\\\/www.vermetdesign.com\\\/fi\\\/tuote\\\/noile-fi\\\/#primaryimage\"},\"image\":{\"@id\":\"https:\\\/\\\/www.vermetdesign.com\\\/fi\\\/tuote\\\/noile-fi\\\/#primaryimage\"},\"thumbnailUrl\":\"https:\\\/\\\/www.vermetdesign.com\\\/wp-content\\\/uploads\\\/2022\\\/08\\\/Noile-by-Vermet_socks.webp\",\"datePublished\":\"2021-11-25T15:30:50+00:00\",\"dateModified\":\"2023-04-06T13:49:25+00:00\",\"description\":\"T\u00e4st\u00e4 todellinen hengenpelastaja! Unohda sukkien lajittelu ja parittomat sukat! Noil\u00e9 pit\u00e4\u00e4 sukat yhdess\u00e4 l\u00e4pi pesun. Niin helppoa, ett\u00e4 lapsikin sen osaa.\",\"breadcrumb\":{\"@id\":\"https:\\\/\\\/www.vermetdesign.com\\\/fi\\\/tuote\\\/noile-fi\\\/#breadcrumb\"},\"inLanguage\":\"fi\",\"potentialAction\":[{\"@type\":\"ReadAction\",\"target\":[\"https:\\\/\\\/www.vermetdesign.com\\\/fi\\\/tuote\\\/noile-fi\\\/\"]}]},{\"@type\":\"ImageObject\",\"inLanguage\":\"fi\",\"@id\":\"https:\\\/\\\/www.vermetdesign.com\\\/fi\\\/tuote\\\/noile-fi\\\/#primaryimage\",\"url\":\"https:\\\/\\\/www.vermetdesign.com\\\/wp-content\\\/uploads\\\/2022\\\/08\\\/Noile-by-Vermet_socks.webp\",\"contentUrl\":\"https:\\\/\\\/www.vermetdesign.com\\\/wp-content\\\/uploads\\\/2022\\\/08\\\/Noile-by-Vermet_socks.webp\",\"width\":1000,\"height\":1000,\"caption\":\"Noil\u00e9 washing helper multicolour with socks\"},{\"@type\":\"BreadcrumbList\",\"@id\":\"https:\\\/\\\/www.vermetdesign.com\\\/fi\\\/tuote\\\/noile-fi\\\/#breadcrumb\",\"itemListElement\":[{\"@type\":\"ListItem\",\"position\":1,\"name\":\"Home\",\"item\":\"https:\\\/\\\/www.vermetdesign.com\\\/\"},{\"@type\":\"ListItem\",\"position\":2,\"name\":\"Kauppa\",\"item\":\"https:\\\/\\\/www.vermetdesign.com\\\/fi\\\/kauppa\\\/\"},{\"@type\":\"ListItem\",\"position\":3,\"name\":\"Noil\u00e9\"}]},{\"@type\":\"WebSite\",\"@id\":\"https:\\\/\\\/www.vermetdesign.com\\\/#website\",\"url\":\"https:\\\/\\\/www.vermetdesign.com\\\/\",\"name\":\"verm\u00e9t\",\"description\":\"Verm\u00e9t is not your ordinary sustainable kidswear brand. We are misbehaving, but we\u2019re not going apologize. Let\u2019s change the way we shop. Ready when you are.\",\"publisher\":{\"@id\":\"https:\\\/\\\/www.vermetdesign.com\\\/#organization\"},\"alternateName\":\"vermet\",\"potentialAction\":[{\"@type\":\"SearchAction\",\"target\":{\"@type\":\"EntryPoint\",\"urlTemplate\":\"https:\\\/\\\/www.vermetdesign.com\\\/?s={search_term_string}\"},\"query-input\":{\"@type\":\"PropertyValueSpecification\",\"valueRequired\":true,\"valueName\":\"search_term_string\"}}],\"inLanguage\":\"fi\"},{\"@type\":\"Organization\",\"@id\":\"https:\\\/\\\/www.vermetdesign.com\\\/#organization\",\"name\":\"Verm\u00e9t Design\",\"alternateName\":\"Vermet Design\",\"url\":\"https:\\\/\\\/www.vermetdesign.com\\\/\",\"logo\":{\"@type\":\"ImageObject\",\"inLanguage\":\"fi\",\"@id\":\"https:\\\/\\\/www.vermetdesign.com\\\/#\\\/schema\\\/logo\\\/image\\\/\",\"url\":\"https:\\\/\\\/www.vermetdesign.com\\\/wp-content\\\/uploads\\\/2020\\\/07\\\/vermet-logo-black-small.jpg\",\"contentUrl\":\"https:\\\/\\\/www.vermetdesign.com\\\/wp-content\\\/uploads\\\/2020\\\/07\\\/vermet-logo-black-small.jpg\",\"width\":170,\"height\":34,\"caption\":\"Verm\u00e9t Design\"},\"image\":{\"@id\":\"https:\\\/\\\/www.vermetdesign.com\\\/#\\\/schema\\\/logo\\\/image\\\/\"},\"sameAs\":[\"https:\\\/\\\/www.facebook.com\\\/vermetdesign\",\"https:\\\/\\\/www.instagram.com\\\/vermetdesign\\\/\",\"https:\\\/\\\/fi.pinterest.com\\\/vermetdesign\\\/\"]}]}<\/script>\n<!-- \/ Yoast SEO Premium plugin. -->","yoast_head_json":{"title":"Noil\u00e9 - Verm\u00e9t","description":"T\u00e4st\u00e4 todellinen hengenpelastaja! Unohda sukkien lajittelu ja parittomat sukat! Noil\u00e9 pit\u00e4\u00e4 sukat yhdess\u00e4 l\u00e4pi pesun. Niin helppoa, ett\u00e4 lapsikin sen osaa.","robots":{"index":"index","follow":"follow","max-snippet":"max-snippet:-1","max-image-preview":"max-image-preview:large","max-video-preview":"max-video-preview:-1"},"canonical":"https:\/\/www.vermetdesign.com\/fi\/tuote\/noile-fi\/","og_locale":"fi_FI","og_type":"article","og_title":"Noil\u00e9","og_description":"T\u00e4st\u00e4 todellinen hengenpelastaja! Unohda sukkien lajittelu ja parittomat sukat! Noil\u00e9 pit\u00e4\u00e4 sukat yhdess\u00e4 l\u00e4pi pesun. Niin helppoa, ett\u00e4 lapsikin sen osaa.","og_url":"https:\/\/www.vermetdesign.com\/fi\/tuote\/noile-fi\/","og_site_name":"Verm\u00e9t","article_publisher":"https:\/\/www.facebook.com\/vermetdesign","article_modified_time":"2023-04-06T13:49:25+00:00","og_image":[{"width":1000,"height":1000,"url":"https:\/\/www.vermetdesign.com\/wp-content\/uploads\/2022\/08\/Noile-by-Vermet_socks.webp","type":"image\/webp"}],"twitter_card":"summary_large_image","twitter_misc":{"Arvioitu lukuaika":"1 minuutti"},"schema":{"@context":"https:\/\/schema.org","@graph":[{"@type":"WebPage","@id":"https:\/\/www.vermetdesign.com\/fi\/tuote\/noile-fi\/","url":"https:\/\/www.vermetdesign.com\/fi\/tuote\/noile-fi\/","name":"Noil\u00e9 - Verm\u00e9t","isPartOf":{"@id":"https:\/\/www.vermetdesign.com\/#website"},"primaryImageOfPage":{"@id":"https:\/\/www.vermetdesign.com\/fi\/tuote\/noile-fi\/#primaryimage"},"image":{"@id":"https:\/\/www.vermetdesign.com\/fi\/tuote\/noile-fi\/#primaryimage"},"thumbnailUrl":"https:\/\/www.vermetdesign.com\/wp-content\/uploads\/2022\/08\/Noile-by-Vermet_socks.webp","datePublished":"2021-11-25T15:30:50+00:00","dateModified":"2023-04-06T13:49:25+00:00","description":"T\u00e4st\u00e4 todellinen hengenpelastaja! Unohda sukkien lajittelu ja parittomat sukat! Noil\u00e9 pit\u00e4\u00e4 sukat yhdess\u00e4 l\u00e4pi pesun. Niin helppoa, ett\u00e4 lapsikin sen osaa.","breadcrumb":{"@id":"https:\/\/www.vermetdesign.com\/fi\/tuote\/noile-fi\/#breadcrumb"},"inLanguage":"fi","potentialAction":[{"@type":"ReadAction","target":["https:\/\/www.vermetdesign.com\/fi\/tuote\/noile-fi\/"]}]},{"@type":"ImageObject","inLanguage":"fi","@id":"https:\/\/www.vermetdesign.com\/fi\/tuote\/noile-fi\/#primaryimage","url":"https:\/\/www.vermetdesign.com\/wp-content\/uploads\/2022\/08\/Noile-by-Vermet_socks.webp","contentUrl":"https:\/\/www.vermetdesign.com\/wp-content\/uploads\/2022\/08\/Noile-by-Vermet_socks.webp","width":1000,"height":1000,"caption":"Noil\u00e9 washing helper multicolour with socks"},{"@type":"BreadcrumbList","@id":"https:\/\/www.vermetdesign.com\/fi\/tuote\/noile-fi\/#breadcrumb","itemListElement":[{"@type":"ListItem","position":1,"name":"Home","item":"https:\/\/www.vermetdesign.com\/"},{"@type":"ListItem","position":2,"name":"Kauppa","item":"https:\/\/www.vermetdesign.com\/fi\/kauppa\/"},{"@type":"ListItem","position":3,"name":"Noil\u00e9"}]},{"@type":"WebSite","@id":"https:\/\/www.vermetdesign.com\/#website","url":"https:\/\/www.vermetdesign.com\/","name":"verm\u00e9t","description":"Verm\u00e9t is not your ordinary sustainable kidswear brand. We are misbehaving, but we\u2019re not going apologize. Let\u2019s change the way we shop. Ready when you are.","publisher":{"@id":"https:\/\/www.vermetdesign.com\/#organization"},"alternateName":"vermet","potentialAction":[{"@type":"SearchAction","target":{"@type":"EntryPoint","urlTemplate":"https:\/\/www.vermetdesign.com\/?s={search_term_string}"},"query-input":{"@type":"PropertyValueSpecification","valueRequired":true,"valueName":"search_term_string"}}],"inLanguage":"fi"},{"@type":"Organization","@id":"https:\/\/www.vermetdesign.com\/#organization","name":"Verm\u00e9t Design","alternateName":"Vermet Design","url":"https:\/\/www.vermetdesign.com\/","logo":{"@type":"ImageObject","inLanguage":"fi","@id":"https:\/\/www.vermetdesign.com\/#\/schema\/logo\/image\/","url":"https:\/\/www.vermetdesign.com\/wp-content\/uploads\/2020\/07\/vermet-logo-black-small.jpg","contentUrl":"https:\/\/www.vermetdesign.com\/wp-content\/uploads\/2020\/07\/vermet-logo-black-small.jpg","width":170,"height":34,"caption":"Verm\u00e9t Design"},"image":{"@id":"https:\/\/www.vermetdesign.com\/#\/schema\/logo\/image\/"},"sameAs":["https:\/\/www.facebook.com\/vermetdesign","https:\/\/www.instagram.com\/vermetdesign\/","https:\/\/fi.pinterest.com\/vermetdesign\/"]}]}},"_links":{"self":[{"href":"https:\/\/www.vermetdesign.com\/fi\/wp-json\/wp\/v2\/product\/3592","targetHints":{"allow":["GET"]}}],"collection":[{"href":"https:\/\/www.vermetdesign.com\/fi\/wp-json\/wp\/v2\/product"}],"about":[{"href":"https:\/\/www.vermetdesign.com\/fi\/wp-json\/wp\/v2\/types\/product"}],"replies":[{"embeddable":true,"href":"https:\/\/www.vermetdesign.com\/fi\/wp-json\/wp\/v2\/comments?post=3592"}],"version-history":[{"count":3,"href":"https:\/\/www.vermetdesign.com\/fi\/wp-json\/wp\/v2\/product\/3592\/revisions"}],"predecessor-version":[{"id":5561,"href":"https:\/\/www.vermetdesign.com\/fi\/wp-json\/wp\/v2\/product\/3592\/revisions\/5561"}],"wp:featuredmedia":[{"embeddable":true,"href":"https:\/\/www.vermetdesign.com\/fi\/wp-json\/wp\/v2\/media\/4064"}],"wp:attachment":[{"href":"https:\/\/www.vermetdesign.com\/fi\/wp-json\/wp\/v2\/media?parent=3592"}],"wp:term":[{"taxonomy":"product_brand","embeddable":true,"href":"https:\/\/www.vermetdesign.com\/fi\/wp-json\/wp\/v2\/product_brand?post=3592"},{"taxonomy":"product_cat","embeddable":true,"href":"https:\/\/www.vermetdesign.com\/fi\/wp-json\/wp\/v2\/product_cat?post=3592"},{"taxonomy":"product_tag","embeddable":true,"href":"https:\/\/www.vermetdesign.com\/fi\/wp-json\/wp\/v2\/product_tag?post=3592"}],"curies":[{"name":"wp","href":"https:\/\/api.w.org\/{rel}","templated":true}]}}