{"id":4308,"date":"2022-08-18T11:24:29","date_gmt":"2022-08-18T08:24:29","guid":{"rendered":"https:\/\/www.vermetdesign.com\/?post_type=product&#038;p=4308"},"modified":"2022-09-21T19:38:46","modified_gmt":"2022-09-21T16:38:46","slug":"college-paita-musta","status":"publish","type":"product","link":"https:\/\/www.vermetdesign.com\/fi\/tuote\/college-paita-musta\/","title":{"rendered":"College Paita &#8211; Musta"},"content":{"rendered":"<p><span style=\"font-weight: 400;\">Jos pikku Bamsesi rakastaa mukavuutta ja tyyli\u00e4, t\u00e4m\u00e4 leve\u00e4 pusero py\u00f6re\u00e4ll\u00e4 p\u00e4\u00e4ntiell\u00e4 on ep\u00e4ilem\u00e4tt\u00e4 valintasi. Luomu puuvillasta valmistettu college on kuin tehty viile\u00e4mpiin kes\u00e4iltoihin tai koleisiin talvip\u00e4iviin, siis ihanteellinen ymp\u00e4rivuotiseen k\u00e4ytt\u00f6\u00f6n. Hi-lo helma vie vaatteiden kerrostamisen seuraavalle tasolle, kun alla olevat paidan helmat tulevat rennosti esiin.<\/span><\/p>\n<p><span style=\"font-weight: 400;\">Yhdist\u00e4 se yhteensopiviin haaremihousuihimme, legginseihin tai ohuisiin collegehousuihimme t\u00e4ydent\u00e4m\u00e4\u00e4n kokonaisuutta.<\/span><\/p>\n","protected":false},"excerpt":{"rendered":"<p>Jos pikku Bamsesi rakastaa mukavuutta ja tyyli\u00e4, t\u00e4m\u00e4 leve\u00e4 pusero py\u00f6re\u00e4ll\u00e4 p\u00e4\u00e4ntiell\u00e4 on ep\u00e4ilem\u00e4tt\u00e4 valintasi. Luomu puuvillasta valmistettu college on\u2026<\/p>\n","protected":false},"featured_media":4068,"comment_status":"open","ping_status":"closed","template":"","meta":[],"product_brand":[],"product_cat":[225,241],"product_tag":[],"class_list":{"0":"post-4308","1":"product","2":"type-product","3":"status-publish","4":"has-post-thumbnail","6":"product_cat-liity-toivelistalle","7":"product_cat-paidat-future-lab-fi","8":"product_shipping_class-postipaketti","10":"first","11":"outofstock","12":"taxable","13":"shipping-taxable","14":"product-type-simple"},"yoast_head":"<!-- This site is optimized with the Yoast SEO Premium plugin v19.4 (Yoast SEO v27.5) - https:\/\/yoast.com\/product\/yoast-seo-premium-wordpress\/ -->\n<title>Lasten College Paita - Musta - Verm\u00e9t<\/title>\n<meta name=\"description\" content=\"Ylellisen pehme\u00e4 luomupuuvillainen college paita. Rakkaudesta luontoon ja lapsiin: aika nappi valinta.\" \/>\n<meta name=\"robots\" content=\"index, follow, max-snippet:-1, max-image-preview:large, max-video-preview:-1\" \/>\n<link rel=\"canonical\" href=\"https:\/\/www.vermetdesign.com\/fi\/tuote\/college-paita-musta\/\" \/>\n<meta property=\"og:locale\" content=\"fi_FI\" \/>\n<meta property=\"og:type\" content=\"article\" \/>\n<meta property=\"og:title\" content=\"College Paita - Musta\" \/>\n<meta property=\"og:description\" content=\"Ylellisen pehme\u00e4 luomupuuvillainen college paita. Rakkaudesta luontoon ja lapsiin: aika nappi valinta.\" \/>\n<meta property=\"og:url\" content=\"https:\/\/www.vermetdesign.com\/fi\/tuote\/college-paita-musta\/\" \/>\n<meta property=\"og:site_name\" content=\"Verm\u00e9t\" \/>\n<meta property=\"article:publisher\" content=\"https:\/\/www.facebook.com\/vermetdesign\" \/>\n<meta property=\"article:modified_time\" content=\"2022-09-21T16:38:46+00:00\" \/>\n<meta property=\"og:image\" content=\"https:\/\/www.vermetdesign.com\/wp-content\/uploads\/2022\/08\/21-08_Wide-long-sleeve_black_front_Vermet.webp\" \/>\n\t<meta property=\"og:image:width\" content=\"1000\" \/>\n\t<meta property=\"og:image:height\" content=\"1000\" \/>\n\t<meta property=\"og:image:type\" content=\"image\/webp\" \/>\n<meta name=\"twitter:card\" content=\"summary_large_image\" \/>\n<script type=\"application\/ld+json\" class=\"yoast-schema-graph\">{\"@context\":\"https:\\\/\\\/schema.org\",\"@graph\":[{\"@type\":\"WebPage\",\"@id\":\"https:\\\/\\\/www.vermetdesign.com\\\/fi\\\/tuote\\\/college-paita-musta\\\/\",\"url\":\"https:\\\/\\\/www.vermetdesign.com\\\/fi\\\/tuote\\\/college-paita-musta\\\/\",\"name\":\"Lasten College Paita - Musta - Verm\u00e9t\",\"isPartOf\":{\"@id\":\"https:\\\/\\\/www.vermetdesign.com\\\/#website\"},\"primaryImageOfPage\":{\"@id\":\"https:\\\/\\\/www.vermetdesign.com\\\/fi\\\/tuote\\\/college-paita-musta\\\/#primaryimage\"},\"image\":{\"@id\":\"https:\\\/\\\/www.vermetdesign.com\\\/fi\\\/tuote\\\/college-paita-musta\\\/#primaryimage\"},\"thumbnailUrl\":\"https:\\\/\\\/www.vermetdesign.com\\\/wp-content\\\/uploads\\\/2022\\\/08\\\/21-08_Wide-long-sleeve_black_front_Vermet.webp\",\"datePublished\":\"2022-08-18T08:24:29+00:00\",\"dateModified\":\"2022-09-21T16:38:46+00:00\",\"description\":\"Ylellisen pehme\u00e4 luomupuuvillainen college paita. Rakkaudesta luontoon ja lapsiin: aika nappi valinta.\",\"breadcrumb\":{\"@id\":\"https:\\\/\\\/www.vermetdesign.com\\\/fi\\\/tuote\\\/college-paita-musta\\\/#breadcrumb\"},\"inLanguage\":\"fi\",\"potentialAction\":[{\"@type\":\"ReadAction\",\"target\":[\"https:\\\/\\\/www.vermetdesign.com\\\/fi\\\/tuote\\\/college-paita-musta\\\/\"]}]},{\"@type\":\"ImageObject\",\"inLanguage\":\"fi\",\"@id\":\"https:\\\/\\\/www.vermetdesign.com\\\/fi\\\/tuote\\\/college-paita-musta\\\/#primaryimage\",\"url\":\"https:\\\/\\\/www.vermetdesign.com\\\/wp-content\\\/uploads\\\/2022\\\/08\\\/21-08_Wide-long-sleeve_black_front_Vermet.webp\",\"contentUrl\":\"https:\\\/\\\/www.vermetdesign.com\\\/wp-content\\\/uploads\\\/2022\\\/08\\\/21-08_Wide-long-sleeve_black_front_Vermet.webp\",\"width\":1000,\"height\":1000,\"caption\":\"Kids Long sleeve T-shirt colour black Vermet view1\"},{\"@type\":\"BreadcrumbList\",\"@id\":\"https:\\\/\\\/www.vermetdesign.com\\\/fi\\\/tuote\\\/college-paita-musta\\\/#breadcrumb\",\"itemListElement\":[{\"@type\":\"ListItem\",\"position\":1,\"name\":\"Home\",\"item\":\"https:\\\/\\\/www.vermetdesign.com\\\/\"},{\"@type\":\"ListItem\",\"position\":2,\"name\":\"Kauppa\",\"item\":\"https:\\\/\\\/www.vermetdesign.com\\\/fi\\\/kauppa\\\/\"},{\"@type\":\"ListItem\",\"position\":3,\"name\":\"College Paita &#8211; Musta\"}]},{\"@type\":\"WebSite\",\"@id\":\"https:\\\/\\\/www.vermetdesign.com\\\/#website\",\"url\":\"https:\\\/\\\/www.vermetdesign.com\\\/\",\"name\":\"verm\u00e9t\",\"description\":\"Verm\u00e9t is not your ordinary sustainable kidswear brand. We are misbehaving, but we\u2019re not going apologize. Let\u2019s change the way we shop. Ready when you are.\",\"publisher\":{\"@id\":\"https:\\\/\\\/www.vermetdesign.com\\\/#organization\"},\"alternateName\":\"vermet\",\"potentialAction\":[{\"@type\":\"SearchAction\",\"target\":{\"@type\":\"EntryPoint\",\"urlTemplate\":\"https:\\\/\\\/www.vermetdesign.com\\\/?s={search_term_string}\"},\"query-input\":{\"@type\":\"PropertyValueSpecification\",\"valueRequired\":true,\"valueName\":\"search_term_string\"}}],\"inLanguage\":\"fi\"},{\"@type\":\"Organization\",\"@id\":\"https:\\\/\\\/www.vermetdesign.com\\\/#organization\",\"name\":\"Verm\u00e9t Design\",\"alternateName\":\"Vermet Design\",\"url\":\"https:\\\/\\\/www.vermetdesign.com\\\/\",\"logo\":{\"@type\":\"ImageObject\",\"inLanguage\":\"fi\",\"@id\":\"https:\\\/\\\/www.vermetdesign.com\\\/#\\\/schema\\\/logo\\\/image\\\/\",\"url\":\"https:\\\/\\\/www.vermetdesign.com\\\/wp-content\\\/uploads\\\/2020\\\/07\\\/vermet-logo-black-small.jpg\",\"contentUrl\":\"https:\\\/\\\/www.vermetdesign.com\\\/wp-content\\\/uploads\\\/2020\\\/07\\\/vermet-logo-black-small.jpg\",\"width\":170,\"height\":34,\"caption\":\"Verm\u00e9t Design\"},\"image\":{\"@id\":\"https:\\\/\\\/www.vermetdesign.com\\\/#\\\/schema\\\/logo\\\/image\\\/\"},\"sameAs\":[\"https:\\\/\\\/www.facebook.com\\\/vermetdesign\",\"https:\\\/\\\/www.instagram.com\\\/vermetdesign\\\/\",\"https:\\\/\\\/fi.pinterest.com\\\/vermetdesign\\\/\"]}]}<\/script>\n<!-- \/ Yoast SEO Premium plugin. -->","yoast_head_json":{"title":"Lasten College Paita - Musta - Verm\u00e9t","description":"Ylellisen pehme\u00e4 luomupuuvillainen college paita. Rakkaudesta luontoon ja lapsiin: aika nappi valinta.","robots":{"index":"index","follow":"follow","max-snippet":"max-snippet:-1","max-image-preview":"max-image-preview:large","max-video-preview":"max-video-preview:-1"},"canonical":"https:\/\/www.vermetdesign.com\/fi\/tuote\/college-paita-musta\/","og_locale":"fi_FI","og_type":"article","og_title":"College Paita - Musta","og_description":"Ylellisen pehme\u00e4 luomupuuvillainen college paita. Rakkaudesta luontoon ja lapsiin: aika nappi valinta.","og_url":"https:\/\/www.vermetdesign.com\/fi\/tuote\/college-paita-musta\/","og_site_name":"Verm\u00e9t","article_publisher":"https:\/\/www.facebook.com\/vermetdesign","article_modified_time":"2022-09-21T16:38:46+00:00","og_image":[{"width":1000,"height":1000,"url":"https:\/\/www.vermetdesign.com\/wp-content\/uploads\/2022\/08\/21-08_Wide-long-sleeve_black_front_Vermet.webp","type":"image\/webp"}],"twitter_card":"summary_large_image","schema":{"@context":"https:\/\/schema.org","@graph":[{"@type":"WebPage","@id":"https:\/\/www.vermetdesign.com\/fi\/tuote\/college-paita-musta\/","url":"https:\/\/www.vermetdesign.com\/fi\/tuote\/college-paita-musta\/","name":"Lasten College Paita - Musta - Verm\u00e9t","isPartOf":{"@id":"https:\/\/www.vermetdesign.com\/#website"},"primaryImageOfPage":{"@id":"https:\/\/www.vermetdesign.com\/fi\/tuote\/college-paita-musta\/#primaryimage"},"image":{"@id":"https:\/\/www.vermetdesign.com\/fi\/tuote\/college-paita-musta\/#primaryimage"},"thumbnailUrl":"https:\/\/www.vermetdesign.com\/wp-content\/uploads\/2022\/08\/21-08_Wide-long-sleeve_black_front_Vermet.webp","datePublished":"2022-08-18T08:24:29+00:00","dateModified":"2022-09-21T16:38:46+00:00","description":"Ylellisen pehme\u00e4 luomupuuvillainen college paita. Rakkaudesta luontoon ja lapsiin: aika nappi valinta.","breadcrumb":{"@id":"https:\/\/www.vermetdesign.com\/fi\/tuote\/college-paita-musta\/#breadcrumb"},"inLanguage":"fi","potentialAction":[{"@type":"ReadAction","target":["https:\/\/www.vermetdesign.com\/fi\/tuote\/college-paita-musta\/"]}]},{"@type":"ImageObject","inLanguage":"fi","@id":"https:\/\/www.vermetdesign.com\/fi\/tuote\/college-paita-musta\/#primaryimage","url":"https:\/\/www.vermetdesign.com\/wp-content\/uploads\/2022\/08\/21-08_Wide-long-sleeve_black_front_Vermet.webp","contentUrl":"https:\/\/www.vermetdesign.com\/wp-content\/uploads\/2022\/08\/21-08_Wide-long-sleeve_black_front_Vermet.webp","width":1000,"height":1000,"caption":"Kids Long sleeve T-shirt colour black Vermet view1"},{"@type":"BreadcrumbList","@id":"https:\/\/www.vermetdesign.com\/fi\/tuote\/college-paita-musta\/#breadcrumb","itemListElement":[{"@type":"ListItem","position":1,"name":"Home","item":"https:\/\/www.vermetdesign.com\/"},{"@type":"ListItem","position":2,"name":"Kauppa","item":"https:\/\/www.vermetdesign.com\/fi\/kauppa\/"},{"@type":"ListItem","position":3,"name":"College Paita &#8211; Musta"}]},{"@type":"WebSite","@id":"https:\/\/www.vermetdesign.com\/#website","url":"https:\/\/www.vermetdesign.com\/","name":"verm\u00e9t","description":"Verm\u00e9t is not your ordinary sustainable kidswear brand. We are misbehaving, but we\u2019re not going apologize. Let\u2019s change the way we shop. Ready when you are.","publisher":{"@id":"https:\/\/www.vermetdesign.com\/#organization"},"alternateName":"vermet","potentialAction":[{"@type":"SearchAction","target":{"@type":"EntryPoint","urlTemplate":"https:\/\/www.vermetdesign.com\/?s={search_term_string}"},"query-input":{"@type":"PropertyValueSpecification","valueRequired":true,"valueName":"search_term_string"}}],"inLanguage":"fi"},{"@type":"Organization","@id":"https:\/\/www.vermetdesign.com\/#organization","name":"Verm\u00e9t Design","alternateName":"Vermet Design","url":"https:\/\/www.vermetdesign.com\/","logo":{"@type":"ImageObject","inLanguage":"fi","@id":"https:\/\/www.vermetdesign.com\/#\/schema\/logo\/image\/","url":"https:\/\/www.vermetdesign.com\/wp-content\/uploads\/2020\/07\/vermet-logo-black-small.jpg","contentUrl":"https:\/\/www.vermetdesign.com\/wp-content\/uploads\/2020\/07\/vermet-logo-black-small.jpg","width":170,"height":34,"caption":"Verm\u00e9t Design"},"image":{"@id":"https:\/\/www.vermetdesign.com\/#\/schema\/logo\/image\/"},"sameAs":["https:\/\/www.facebook.com\/vermetdesign","https:\/\/www.instagram.com\/vermetdesign\/","https:\/\/fi.pinterest.com\/vermetdesign\/"]}]}},"_links":{"self":[{"href":"https:\/\/www.vermetdesign.com\/fi\/wp-json\/wp\/v2\/product\/4308","targetHints":{"allow":["GET"]}}],"collection":[{"href":"https:\/\/www.vermetdesign.com\/fi\/wp-json\/wp\/v2\/product"}],"about":[{"href":"https:\/\/www.vermetdesign.com\/fi\/wp-json\/wp\/v2\/types\/product"}],"replies":[{"embeddable":true,"href":"https:\/\/www.vermetdesign.com\/fi\/wp-json\/wp\/v2\/comments?post=4308"}],"version-history":[{"count":2,"href":"https:\/\/www.vermetdesign.com\/fi\/wp-json\/wp\/v2\/product\/4308\/revisions"}],"predecessor-version":[{"id":5540,"href":"https:\/\/www.vermetdesign.com\/fi\/wp-json\/wp\/v2\/product\/4308\/revisions\/5540"}],"wp:featuredmedia":[{"embeddable":true,"href":"https:\/\/www.vermetdesign.com\/fi\/wp-json\/wp\/v2\/media\/4068"}],"wp:attachment":[{"href":"https:\/\/www.vermetdesign.com\/fi\/wp-json\/wp\/v2\/media?parent=4308"}],"wp:term":[{"taxonomy":"product_brand","embeddable":true,"href":"https:\/\/www.vermetdesign.com\/fi\/wp-json\/wp\/v2\/product_brand?post=4308"},{"taxonomy":"product_cat","embeddable":true,"href":"https:\/\/www.vermetdesign.com\/fi\/wp-json\/wp\/v2\/product_cat?post=4308"},{"taxonomy":"product_tag","embeddable":true,"href":"https:\/\/www.vermetdesign.com\/fi\/wp-json\/wp\/v2\/product_tag?post=4308"}],"curies":[{"name":"wp","href":"https:\/\/api.w.org\/{rel}","templated":true}]}}