{"id":4322,"date":"2022-08-18T13:16:52","date_gmt":"2022-08-18T10:16:52","guid":{"rendered":"https:\/\/www.vermetdesign.com\/?post_type=product&#038;p=4322"},"modified":"2022-08-22T11:10:30","modified_gmt":"2022-08-22T08:10:30","slug":"kevyet-hammer-housut-musta","status":"publish","type":"product","link":"https:\/\/www.vermetdesign.com\/fi\/tuote\/kevyet-hammer-housut-musta\/","title":{"rendered":"Kevyet Hammer Housut &#8211; Musta"},"content":{"rendered":"<p><span style=\"font-weight: 400;\">Jos lapsesi haluaa pukeutua yksisarvisen ja kissanpennun hybridiksi, googlaa uudelleen. Mutta jos lapsesi ei sovi muottiin, vaan marssii oman tahtiinsa, olet p\u00e4\u00e4tynyt oikeaan paikkaan. Suunnittelimme haaremihousut perheesi vapaamieliselle sielulle. GOTS-luomupuuvillan ansiosta n\u00e4m\u00e4 housut ovat mit\u00e4 pehmeimm\u00e4t ja mukavimmat. Eik\u00e4 voi kiist\u00e4\u00e4: v\u00e4lj\u00e4 siluetti n\u00e4ytt\u00e4\u00e4 siistilt\u00e4 sl\u00e4b\u00e4reiden tai tennareiden kanssa &#8211; mit\u00e4 muuta voisi edes vaatia?<\/span><\/p>\n","protected":false},"excerpt":{"rendered":"<p>Jos lapsesi haluaa pukeutua yksisarvisen ja kissanpennun hybridiksi, googlaa uudelleen. Mutta jos lapsesi ei sovi muottiin, vaan marssii oman tahtiinsa,\u2026<\/p>\n","protected":false},"featured_media":4132,"comment_status":"open","ping_status":"closed","template":"","meta":[],"product_brand":[],"product_cat":[235,225],"product_tag":[],"class_list":{"0":"post-4322","1":"product","2":"type-product","3":"status-publish","4":"has-post-thumbnail","6":"product_cat-housut-ja-leggingsit-future-lab-fi","7":"product_cat-liity-toivelistalle","8":"product_shipping_class-postipaketti","10":"first","11":"outofstock","12":"taxable","13":"shipping-taxable","14":"product-type-simple"},"yoast_head":"<!-- This site is optimized with the Yoast SEO Premium plugin v19.4 (Yoast SEO v27.5) - https:\/\/yoast.com\/product\/yoast-seo-premium-wordpress\/ -->\n<title>Lasten Kevyet Hammer Housut - Musta - Verm\u00e9t<\/title>\n<meta name=\"description\" content=\"Tilava siluetti n\u00e4ytt\u00e4\u00e4 erinomaiselta sl\u00e4b\u00e4reiden tai tennareiden kanssa - mit\u00e4 muuta voit vaatia lastenvaatteilta? Niin, mainitsimmeko, ett\u00e4 teemme ne luomupuuvillasta?\" \/>\n<meta name=\"robots\" content=\"index, follow, max-snippet:-1, max-image-preview:large, max-video-preview:-1\" \/>\n<link rel=\"canonical\" href=\"https:\/\/www.vermetdesign.com\/fi\/tuote\/kevyet-hammer-housut-musta\/\" \/>\n<meta property=\"og:locale\" content=\"fi_FI\" \/>\n<meta property=\"og:type\" content=\"article\" \/>\n<meta property=\"og:title\" content=\"Kevyet Hammer Housut - Musta\" \/>\n<meta property=\"og:description\" content=\"Tilava siluetti n\u00e4ytt\u00e4\u00e4 erinomaiselta sl\u00e4b\u00e4reiden tai tennareiden kanssa - mit\u00e4 muuta voit vaatia lastenvaatteilta? Niin, mainitsimmeko, ett\u00e4 teemme ne luomupuuvillasta?\" \/>\n<meta property=\"og:url\" content=\"https:\/\/www.vermetdesign.com\/fi\/tuote\/kevyet-hammer-housut-musta\/\" \/>\n<meta property=\"og:site_name\" content=\"Verm\u00e9t\" \/>\n<meta property=\"article:publisher\" content=\"https:\/\/www.facebook.com\/vermetdesign\" \/>\n<meta property=\"article:modified_time\" content=\"2022-08-22T08:10:30+00:00\" \/>\n<meta property=\"og:image\" content=\"https:\/\/www.vermetdesign.com\/wp-content\/uploads\/2022\/08\/21-09_Harem-pants_black_front_Vermet.webp\" \/>\n\t<meta property=\"og:image:width\" content=\"1000\" \/>\n\t<meta property=\"og:image:height\" content=\"1000\" \/>\n\t<meta property=\"og:image:type\" content=\"image\/webp\" \/>\n<meta name=\"twitter:card\" content=\"summary_large_image\" \/>\n<script type=\"application\/ld+json\" class=\"yoast-schema-graph\">{\"@context\":\"https:\\\/\\\/schema.org\",\"@graph\":[{\"@type\":\"WebPage\",\"@id\":\"https:\\\/\\\/www.vermetdesign.com\\\/fi\\\/tuote\\\/kevyet-hammer-housut-musta\\\/\",\"url\":\"https:\\\/\\\/www.vermetdesign.com\\\/fi\\\/tuote\\\/kevyet-hammer-housut-musta\\\/\",\"name\":\"Lasten Kevyet Hammer Housut - Musta - Verm\u00e9t\",\"isPartOf\":{\"@id\":\"https:\\\/\\\/www.vermetdesign.com\\\/#website\"},\"primaryImageOfPage\":{\"@id\":\"https:\\\/\\\/www.vermetdesign.com\\\/fi\\\/tuote\\\/kevyet-hammer-housut-musta\\\/#primaryimage\"},\"image\":{\"@id\":\"https:\\\/\\\/www.vermetdesign.com\\\/fi\\\/tuote\\\/kevyet-hammer-housut-musta\\\/#primaryimage\"},\"thumbnailUrl\":\"https:\\\/\\\/www.vermetdesign.com\\\/wp-content\\\/uploads\\\/2022\\\/08\\\/21-09_Harem-pants_black_front_Vermet.webp\",\"datePublished\":\"2022-08-18T10:16:52+00:00\",\"dateModified\":\"2022-08-22T08:10:30+00:00\",\"description\":\"Tilava siluetti n\u00e4ytt\u00e4\u00e4 erinomaiselta sl\u00e4b\u00e4reiden tai tennareiden kanssa - mit\u00e4 muuta voit vaatia lastenvaatteilta? Niin, mainitsimmeko, ett\u00e4 teemme ne luomupuuvillasta?\",\"breadcrumb\":{\"@id\":\"https:\\\/\\\/www.vermetdesign.com\\\/fi\\\/tuote\\\/kevyet-hammer-housut-musta\\\/#breadcrumb\"},\"inLanguage\":\"fi\",\"potentialAction\":[{\"@type\":\"ReadAction\",\"target\":[\"https:\\\/\\\/www.vermetdesign.com\\\/fi\\\/tuote\\\/kevyet-hammer-housut-musta\\\/\"]}]},{\"@type\":\"ImageObject\",\"inLanguage\":\"fi\",\"@id\":\"https:\\\/\\\/www.vermetdesign.com\\\/fi\\\/tuote\\\/kevyet-hammer-housut-musta\\\/#primaryimage\",\"url\":\"https:\\\/\\\/www.vermetdesign.com\\\/wp-content\\\/uploads\\\/2022\\\/08\\\/21-09_Harem-pants_black_front_Vermet.webp\",\"contentUrl\":\"https:\\\/\\\/www.vermetdesign.com\\\/wp-content\\\/uploads\\\/2022\\\/08\\\/21-09_Harem-pants_black_front_Vermet.webp\",\"width\":1000,\"height\":1000,\"caption\":\"Kids harem pants colour black Vermet view1\"},{\"@type\":\"BreadcrumbList\",\"@id\":\"https:\\\/\\\/www.vermetdesign.com\\\/fi\\\/tuote\\\/kevyet-hammer-housut-musta\\\/#breadcrumb\",\"itemListElement\":[{\"@type\":\"ListItem\",\"position\":1,\"name\":\"Home\",\"item\":\"https:\\\/\\\/www.vermetdesign.com\\\/\"},{\"@type\":\"ListItem\",\"position\":2,\"name\":\"Kauppa\",\"item\":\"https:\\\/\\\/www.vermetdesign.com\\\/fi\\\/kauppa\\\/\"},{\"@type\":\"ListItem\",\"position\":3,\"name\":\"Kevyet Hammer Housut &#8211; Musta\"}]},{\"@type\":\"WebSite\",\"@id\":\"https:\\\/\\\/www.vermetdesign.com\\\/#website\",\"url\":\"https:\\\/\\\/www.vermetdesign.com\\\/\",\"name\":\"verm\u00e9t\",\"description\":\"Verm\u00e9t is not your ordinary sustainable kidswear brand. We are misbehaving, but we\u2019re not going apologize. Let\u2019s change the way we shop. Ready when you are.\",\"publisher\":{\"@id\":\"https:\\\/\\\/www.vermetdesign.com\\\/#organization\"},\"alternateName\":\"vermet\",\"potentialAction\":[{\"@type\":\"SearchAction\",\"target\":{\"@type\":\"EntryPoint\",\"urlTemplate\":\"https:\\\/\\\/www.vermetdesign.com\\\/?s={search_term_string}\"},\"query-input\":{\"@type\":\"PropertyValueSpecification\",\"valueRequired\":true,\"valueName\":\"search_term_string\"}}],\"inLanguage\":\"fi\"},{\"@type\":\"Organization\",\"@id\":\"https:\\\/\\\/www.vermetdesign.com\\\/#organization\",\"name\":\"Verm\u00e9t Design\",\"alternateName\":\"Vermet Design\",\"url\":\"https:\\\/\\\/www.vermetdesign.com\\\/\",\"logo\":{\"@type\":\"ImageObject\",\"inLanguage\":\"fi\",\"@id\":\"https:\\\/\\\/www.vermetdesign.com\\\/#\\\/schema\\\/logo\\\/image\\\/\",\"url\":\"https:\\\/\\\/www.vermetdesign.com\\\/wp-content\\\/uploads\\\/2020\\\/07\\\/vermet-logo-black-small.jpg\",\"contentUrl\":\"https:\\\/\\\/www.vermetdesign.com\\\/wp-content\\\/uploads\\\/2020\\\/07\\\/vermet-logo-black-small.jpg\",\"width\":170,\"height\":34,\"caption\":\"Verm\u00e9t Design\"},\"image\":{\"@id\":\"https:\\\/\\\/www.vermetdesign.com\\\/#\\\/schema\\\/logo\\\/image\\\/\"},\"sameAs\":[\"https:\\\/\\\/www.facebook.com\\\/vermetdesign\",\"https:\\\/\\\/www.instagram.com\\\/vermetdesign\\\/\",\"https:\\\/\\\/fi.pinterest.com\\\/vermetdesign\\\/\"]}]}<\/script>\n<!-- \/ Yoast SEO Premium plugin. -->","yoast_head_json":{"title":"Lasten Kevyet Hammer Housut - Musta - Verm\u00e9t","description":"Tilava siluetti n\u00e4ytt\u00e4\u00e4 erinomaiselta sl\u00e4b\u00e4reiden tai tennareiden kanssa - mit\u00e4 muuta voit vaatia lastenvaatteilta? Niin, mainitsimmeko, ett\u00e4 teemme ne luomupuuvillasta?","robots":{"index":"index","follow":"follow","max-snippet":"max-snippet:-1","max-image-preview":"max-image-preview:large","max-video-preview":"max-video-preview:-1"},"canonical":"https:\/\/www.vermetdesign.com\/fi\/tuote\/kevyet-hammer-housut-musta\/","og_locale":"fi_FI","og_type":"article","og_title":"Kevyet Hammer Housut - Musta","og_description":"Tilava siluetti n\u00e4ytt\u00e4\u00e4 erinomaiselta sl\u00e4b\u00e4reiden tai tennareiden kanssa - mit\u00e4 muuta voit vaatia lastenvaatteilta? Niin, mainitsimmeko, ett\u00e4 teemme ne luomupuuvillasta?","og_url":"https:\/\/www.vermetdesign.com\/fi\/tuote\/kevyet-hammer-housut-musta\/","og_site_name":"Verm\u00e9t","article_publisher":"https:\/\/www.facebook.com\/vermetdesign","article_modified_time":"2022-08-22T08:10:30+00:00","og_image":[{"width":1000,"height":1000,"url":"https:\/\/www.vermetdesign.com\/wp-content\/uploads\/2022\/08\/21-09_Harem-pants_black_front_Vermet.webp","type":"image\/webp"}],"twitter_card":"summary_large_image","schema":{"@context":"https:\/\/schema.org","@graph":[{"@type":"WebPage","@id":"https:\/\/www.vermetdesign.com\/fi\/tuote\/kevyet-hammer-housut-musta\/","url":"https:\/\/www.vermetdesign.com\/fi\/tuote\/kevyet-hammer-housut-musta\/","name":"Lasten Kevyet Hammer Housut - Musta - Verm\u00e9t","isPartOf":{"@id":"https:\/\/www.vermetdesign.com\/#website"},"primaryImageOfPage":{"@id":"https:\/\/www.vermetdesign.com\/fi\/tuote\/kevyet-hammer-housut-musta\/#primaryimage"},"image":{"@id":"https:\/\/www.vermetdesign.com\/fi\/tuote\/kevyet-hammer-housut-musta\/#primaryimage"},"thumbnailUrl":"https:\/\/www.vermetdesign.com\/wp-content\/uploads\/2022\/08\/21-09_Harem-pants_black_front_Vermet.webp","datePublished":"2022-08-18T10:16:52+00:00","dateModified":"2022-08-22T08:10:30+00:00","description":"Tilava siluetti n\u00e4ytt\u00e4\u00e4 erinomaiselta sl\u00e4b\u00e4reiden tai tennareiden kanssa - mit\u00e4 muuta voit vaatia lastenvaatteilta? Niin, mainitsimmeko, ett\u00e4 teemme ne luomupuuvillasta?","breadcrumb":{"@id":"https:\/\/www.vermetdesign.com\/fi\/tuote\/kevyet-hammer-housut-musta\/#breadcrumb"},"inLanguage":"fi","potentialAction":[{"@type":"ReadAction","target":["https:\/\/www.vermetdesign.com\/fi\/tuote\/kevyet-hammer-housut-musta\/"]}]},{"@type":"ImageObject","inLanguage":"fi","@id":"https:\/\/www.vermetdesign.com\/fi\/tuote\/kevyet-hammer-housut-musta\/#primaryimage","url":"https:\/\/www.vermetdesign.com\/wp-content\/uploads\/2022\/08\/21-09_Harem-pants_black_front_Vermet.webp","contentUrl":"https:\/\/www.vermetdesign.com\/wp-content\/uploads\/2022\/08\/21-09_Harem-pants_black_front_Vermet.webp","width":1000,"height":1000,"caption":"Kids harem pants colour black Vermet view1"},{"@type":"BreadcrumbList","@id":"https:\/\/www.vermetdesign.com\/fi\/tuote\/kevyet-hammer-housut-musta\/#breadcrumb","itemListElement":[{"@type":"ListItem","position":1,"name":"Home","item":"https:\/\/www.vermetdesign.com\/"},{"@type":"ListItem","position":2,"name":"Kauppa","item":"https:\/\/www.vermetdesign.com\/fi\/kauppa\/"},{"@type":"ListItem","position":3,"name":"Kevyet Hammer Housut &#8211; Musta"}]},{"@type":"WebSite","@id":"https:\/\/www.vermetdesign.com\/#website","url":"https:\/\/www.vermetdesign.com\/","name":"verm\u00e9t","description":"Verm\u00e9t is not your ordinary sustainable kidswear brand. We are misbehaving, but we\u2019re not going apologize. Let\u2019s change the way we shop. Ready when you are.","publisher":{"@id":"https:\/\/www.vermetdesign.com\/#organization"},"alternateName":"vermet","potentialAction":[{"@type":"SearchAction","target":{"@type":"EntryPoint","urlTemplate":"https:\/\/www.vermetdesign.com\/?s={search_term_string}"},"query-input":{"@type":"PropertyValueSpecification","valueRequired":true,"valueName":"search_term_string"}}],"inLanguage":"fi"},{"@type":"Organization","@id":"https:\/\/www.vermetdesign.com\/#organization","name":"Verm\u00e9t Design","alternateName":"Vermet Design","url":"https:\/\/www.vermetdesign.com\/","logo":{"@type":"ImageObject","inLanguage":"fi","@id":"https:\/\/www.vermetdesign.com\/#\/schema\/logo\/image\/","url":"https:\/\/www.vermetdesign.com\/wp-content\/uploads\/2020\/07\/vermet-logo-black-small.jpg","contentUrl":"https:\/\/www.vermetdesign.com\/wp-content\/uploads\/2020\/07\/vermet-logo-black-small.jpg","width":170,"height":34,"caption":"Verm\u00e9t Design"},"image":{"@id":"https:\/\/www.vermetdesign.com\/#\/schema\/logo\/image\/"},"sameAs":["https:\/\/www.facebook.com\/vermetdesign","https:\/\/www.instagram.com\/vermetdesign\/","https:\/\/fi.pinterest.com\/vermetdesign\/"]}]}},"_links":{"self":[{"href":"https:\/\/www.vermetdesign.com\/fi\/wp-json\/wp\/v2\/product\/4322","targetHints":{"allow":["GET"]}}],"collection":[{"href":"https:\/\/www.vermetdesign.com\/fi\/wp-json\/wp\/v2\/product"}],"about":[{"href":"https:\/\/www.vermetdesign.com\/fi\/wp-json\/wp\/v2\/types\/product"}],"replies":[{"embeddable":true,"href":"https:\/\/www.vermetdesign.com\/fi\/wp-json\/wp\/v2\/comments?post=4322"}],"version-history":[{"count":1,"href":"https:\/\/www.vermetdesign.com\/fi\/wp-json\/wp\/v2\/product\/4322\/revisions"}],"predecessor-version":[{"id":4533,"href":"https:\/\/www.vermetdesign.com\/fi\/wp-json\/wp\/v2\/product\/4322\/revisions\/4533"}],"wp:featuredmedia":[{"embeddable":true,"href":"https:\/\/www.vermetdesign.com\/fi\/wp-json\/wp\/v2\/media\/4132"}],"wp:attachment":[{"href":"https:\/\/www.vermetdesign.com\/fi\/wp-json\/wp\/v2\/media?parent=4322"}],"wp:term":[{"taxonomy":"product_brand","embeddable":true,"href":"https:\/\/www.vermetdesign.com\/fi\/wp-json\/wp\/v2\/product_brand?post=4322"},{"taxonomy":"product_cat","embeddable":true,"href":"https:\/\/www.vermetdesign.com\/fi\/wp-json\/wp\/v2\/product_cat?post=4322"},{"taxonomy":"product_tag","embeddable":true,"href":"https:\/\/www.vermetdesign.com\/fi\/wp-json\/wp\/v2\/product_tag?post=4322"}],"curies":[{"name":"wp","href":"https:\/\/api.w.org\/{rel}","templated":true}]}}