{"id":4343,"date":"2022-08-18T15:43:12","date_gmt":"2022-08-18T12:43:12","guid":{"rendered":"https:\/\/www.vermetdesign.com\/?post_type=product&#038;p=4343"},"modified":"2022-08-22T14:24:22","modified_gmt":"2022-08-22T11:24:22","slug":"hame-jungle-jam-kuosi-musta-valkoinen","status":"publish","type":"product","link":"https:\/\/www.vermetdesign.com\/fi\/tuote\/hame-jungle-jam-kuosi-musta-valkoinen\/","title":{"rendered":"Hame Jungle Jam kuosi &#8211; Musta-valkoinen"},"content":{"rendered":"<p><span style=\"font-weight: 400;\">Nyt ei nyyhkytet\u00e4 balladeja, vaan rokataan!<\/span><\/p>\n<p><span style=\"font-weight: 400;\">Onko sinulla intohimo helposti yhdistelt\u00e4viin ja kest\u00e4viin perusvaatteisiin? Meill\u00e4 ainakin on. T\u00e4m\u00e4 hienostelematon hame n\u00e4ytt\u00e4\u00e4 melko yksinkertaiselta, vaikka se on itse asiassa vahva kannanotto. Viileist\u00e4 viilein, mutta silti trendik\u00e4s jokap\u00e4iv\u00e4iseen k\u00e4ytt\u00f6\u00f6n!<\/span><\/p>\n<p><span style=\"font-weight: 400;\">Rokkaa lookki yhdist\u00e4m\u00e4ll\u00e4 hame minisi lemppari Verm\u00e9t toppeihin ja legginseihin.<\/span><\/p>\n<p>Mustavalkoinen, tyylitelty ja sielukas viidakko b\u00e4ndimme on fantastisen lastenkirjakuvittaja Laura Merzin k\u00e4sialaa.<\/p>\n","protected":false},"excerpt":{"rendered":"<p>Nyt ei nyyhkytet\u00e4 balladeja, vaan rokataan! Onko sinulla intohimo helposti yhdistelt\u00e4viin ja kest\u00e4viin perusvaatteisiin? Meill\u00e4 ainakin on. T\u00e4m\u00e4 hienostelematon hame\u2026<\/p>\n","protected":false},"featured_media":4020,"comment_status":"open","ping_status":"closed","template":"","meta":[],"product_brand":[],"product_cat":[225,240],"product_tag":[],"class_list":{"0":"post-4343","1":"product","2":"type-product","3":"status-publish","4":"has-post-thumbnail","6":"product_cat-liity-toivelistalle","7":"product_cat-mekot-ja-hameet-future-lab-fi","8":"product_shipping_class-postipaketti","10":"first","11":"outofstock","12":"taxable","13":"shipping-taxable","14":"product-type-simple"},"yoast_head":"<!-- This site is optimized with the Yoast SEO Premium plugin v19.4 (Yoast SEO v27.5) - https:\/\/yoast.com\/product\/yoast-seo-premium-wordpress\/ -->\n<title>Lasten Hame Jungle Jam kuosi - Musta-valkoinen - Verm\u00e9t<\/title>\n<meta name=\"description\" content=\"Viile\u00e4 kuin viilipytty. T\u00e4ss\u00e4 hameessa on asennetta! Moderneja ja kest\u00e4vi\u00e4 luomupuuvillaisia lastenvaatteita rohkeille ja pelottomille tyypeille. Musta-valkoinen Jungle Jam kuosi on lasten kirjakuvittaja Laura Merzin k\u00e4sialaa.\" \/>\n<meta name=\"robots\" content=\"index, follow, max-snippet:-1, max-image-preview:large, max-video-preview:-1\" \/>\n<link rel=\"canonical\" href=\"https:\/\/www.vermetdesign.com\/fi\/tuote\/hame-jungle-jam-kuosi-musta-valkoinen\/\" \/>\n<meta property=\"og:locale\" content=\"fi_FI\" \/>\n<meta property=\"og:type\" content=\"article\" \/>\n<meta property=\"og:title\" content=\"Hame Jungle Jam kuosi - Musta-valkoinen\" \/>\n<meta property=\"og:description\" content=\"Viile\u00e4 kuin viilipytty. T\u00e4ss\u00e4 hameessa on asennetta! Moderneja ja kest\u00e4vi\u00e4 luomupuuvillaisia lastenvaatteita rohkeille ja pelottomille tyypeille. Musta-valkoinen Jungle Jam kuosi on lasten kirjakuvittaja Laura Merzin k\u00e4sialaa.\" \/>\n<meta property=\"og:url\" content=\"https:\/\/www.vermetdesign.com\/fi\/tuote\/hame-jungle-jam-kuosi-musta-valkoinen\/\" \/>\n<meta property=\"og:site_name\" content=\"Verm\u00e9t\" \/>\n<meta property=\"article:publisher\" content=\"https:\/\/www.facebook.com\/vermetdesign\" \/>\n<meta property=\"article:modified_time\" content=\"2022-08-22T11:24:22+00:00\" \/>\n<meta property=\"og:image\" content=\"https:\/\/www.vermetdesign.com\/wp-content\/uploads\/2022\/08\/21-12_Skirt_jungle-jam_front_Vermet.webp\" \/>\n\t<meta property=\"og:image:width\" content=\"1000\" \/>\n\t<meta property=\"og:image:height\" content=\"1000\" \/>\n\t<meta property=\"og:image:type\" content=\"image\/webp\" \/>\n<meta name=\"twitter:card\" content=\"summary_large_image\" \/>\n<script type=\"application\/ld+json\" class=\"yoast-schema-graph\">{\"@context\":\"https:\\\/\\\/schema.org\",\"@graph\":[{\"@type\":\"WebPage\",\"@id\":\"https:\\\/\\\/www.vermetdesign.com\\\/fi\\\/tuote\\\/hame-jungle-jam-kuosi-musta-valkoinen\\\/\",\"url\":\"https:\\\/\\\/www.vermetdesign.com\\\/fi\\\/tuote\\\/hame-jungle-jam-kuosi-musta-valkoinen\\\/\",\"name\":\"Lasten Hame Jungle Jam kuosi - Musta-valkoinen - Verm\u00e9t\",\"isPartOf\":{\"@id\":\"https:\\\/\\\/www.vermetdesign.com\\\/#website\"},\"primaryImageOfPage\":{\"@id\":\"https:\\\/\\\/www.vermetdesign.com\\\/fi\\\/tuote\\\/hame-jungle-jam-kuosi-musta-valkoinen\\\/#primaryimage\"},\"image\":{\"@id\":\"https:\\\/\\\/www.vermetdesign.com\\\/fi\\\/tuote\\\/hame-jungle-jam-kuosi-musta-valkoinen\\\/#primaryimage\"},\"thumbnailUrl\":\"https:\\\/\\\/www.vermetdesign.com\\\/wp-content\\\/uploads\\\/2022\\\/08\\\/21-12_Skirt_jungle-jam_front_Vermet.webp\",\"datePublished\":\"2022-08-18T12:43:12+00:00\",\"dateModified\":\"2022-08-22T11:24:22+00:00\",\"description\":\"Viile\u00e4 kuin viilipytty. T\u00e4ss\u00e4 hameessa on asennetta! Moderneja ja kest\u00e4vi\u00e4 luomupuuvillaisia lastenvaatteita rohkeille ja pelottomille tyypeille. Musta-valkoinen Jungle Jam kuosi on lasten kirjakuvittaja Laura Merzin k\u00e4sialaa.\",\"breadcrumb\":{\"@id\":\"https:\\\/\\\/www.vermetdesign.com\\\/fi\\\/tuote\\\/hame-jungle-jam-kuosi-musta-valkoinen\\\/#breadcrumb\"},\"inLanguage\":\"fi\",\"potentialAction\":[{\"@type\":\"ReadAction\",\"target\":[\"https:\\\/\\\/www.vermetdesign.com\\\/fi\\\/tuote\\\/hame-jungle-jam-kuosi-musta-valkoinen\\\/\"]}]},{\"@type\":\"ImageObject\",\"inLanguage\":\"fi\",\"@id\":\"https:\\\/\\\/www.vermetdesign.com\\\/fi\\\/tuote\\\/hame-jungle-jam-kuosi-musta-valkoinen\\\/#primaryimage\",\"url\":\"https:\\\/\\\/www.vermetdesign.com\\\/wp-content\\\/uploads\\\/2022\\\/08\\\/21-12_Skirt_jungle-jam_front_Vermet.webp\",\"contentUrl\":\"https:\\\/\\\/www.vermetdesign.com\\\/wp-content\\\/uploads\\\/2022\\\/08\\\/21-12_Skirt_jungle-jam_front_Vermet.webp\",\"width\":1000,\"height\":1000,\"caption\":\"Kids skirt Jungle Jam animal pattern colour black and white Vermet view1\"},{\"@type\":\"BreadcrumbList\",\"@id\":\"https:\\\/\\\/www.vermetdesign.com\\\/fi\\\/tuote\\\/hame-jungle-jam-kuosi-musta-valkoinen\\\/#breadcrumb\",\"itemListElement\":[{\"@type\":\"ListItem\",\"position\":1,\"name\":\"Home\",\"item\":\"https:\\\/\\\/www.vermetdesign.com\\\/\"},{\"@type\":\"ListItem\",\"position\":2,\"name\":\"Kauppa\",\"item\":\"https:\\\/\\\/www.vermetdesign.com\\\/fi\\\/kauppa\\\/\"},{\"@type\":\"ListItem\",\"position\":3,\"name\":\"Hame Jungle Jam kuosi &#8211; Musta-valkoinen\"}]},{\"@type\":\"WebSite\",\"@id\":\"https:\\\/\\\/www.vermetdesign.com\\\/#website\",\"url\":\"https:\\\/\\\/www.vermetdesign.com\\\/\",\"name\":\"verm\u00e9t\",\"description\":\"Verm\u00e9t is not your ordinary sustainable kidswear brand. We are misbehaving, but we\u2019re not going apologize. Let\u2019s change the way we shop. Ready when you are.\",\"publisher\":{\"@id\":\"https:\\\/\\\/www.vermetdesign.com\\\/#organization\"},\"alternateName\":\"vermet\",\"potentialAction\":[{\"@type\":\"SearchAction\",\"target\":{\"@type\":\"EntryPoint\",\"urlTemplate\":\"https:\\\/\\\/www.vermetdesign.com\\\/?s={search_term_string}\"},\"query-input\":{\"@type\":\"PropertyValueSpecification\",\"valueRequired\":true,\"valueName\":\"search_term_string\"}}],\"inLanguage\":\"fi\"},{\"@type\":\"Organization\",\"@id\":\"https:\\\/\\\/www.vermetdesign.com\\\/#organization\",\"name\":\"Verm\u00e9t Design\",\"alternateName\":\"Vermet Design\",\"url\":\"https:\\\/\\\/www.vermetdesign.com\\\/\",\"logo\":{\"@type\":\"ImageObject\",\"inLanguage\":\"fi\",\"@id\":\"https:\\\/\\\/www.vermetdesign.com\\\/#\\\/schema\\\/logo\\\/image\\\/\",\"url\":\"https:\\\/\\\/www.vermetdesign.com\\\/wp-content\\\/uploads\\\/2020\\\/07\\\/vermet-logo-black-small.jpg\",\"contentUrl\":\"https:\\\/\\\/www.vermetdesign.com\\\/wp-content\\\/uploads\\\/2020\\\/07\\\/vermet-logo-black-small.jpg\",\"width\":170,\"height\":34,\"caption\":\"Verm\u00e9t Design\"},\"image\":{\"@id\":\"https:\\\/\\\/www.vermetdesign.com\\\/#\\\/schema\\\/logo\\\/image\\\/\"},\"sameAs\":[\"https:\\\/\\\/www.facebook.com\\\/vermetdesign\",\"https:\\\/\\\/www.instagram.com\\\/vermetdesign\\\/\",\"https:\\\/\\\/fi.pinterest.com\\\/vermetdesign\\\/\"]}]}<\/script>\n<!-- \/ Yoast SEO Premium plugin. -->","yoast_head_json":{"title":"Lasten Hame Jungle Jam kuosi - Musta-valkoinen - Verm\u00e9t","description":"Viile\u00e4 kuin viilipytty. T\u00e4ss\u00e4 hameessa on asennetta! Moderneja ja kest\u00e4vi\u00e4 luomupuuvillaisia lastenvaatteita rohkeille ja pelottomille tyypeille. Musta-valkoinen Jungle Jam kuosi on lasten kirjakuvittaja Laura Merzin k\u00e4sialaa.","robots":{"index":"index","follow":"follow","max-snippet":"max-snippet:-1","max-image-preview":"max-image-preview:large","max-video-preview":"max-video-preview:-1"},"canonical":"https:\/\/www.vermetdesign.com\/fi\/tuote\/hame-jungle-jam-kuosi-musta-valkoinen\/","og_locale":"fi_FI","og_type":"article","og_title":"Hame Jungle Jam kuosi - Musta-valkoinen","og_description":"Viile\u00e4 kuin viilipytty. T\u00e4ss\u00e4 hameessa on asennetta! Moderneja ja kest\u00e4vi\u00e4 luomupuuvillaisia lastenvaatteita rohkeille ja pelottomille tyypeille. Musta-valkoinen Jungle Jam kuosi on lasten kirjakuvittaja Laura Merzin k\u00e4sialaa.","og_url":"https:\/\/www.vermetdesign.com\/fi\/tuote\/hame-jungle-jam-kuosi-musta-valkoinen\/","og_site_name":"Verm\u00e9t","article_publisher":"https:\/\/www.facebook.com\/vermetdesign","article_modified_time":"2022-08-22T11:24:22+00:00","og_image":[{"width":1000,"height":1000,"url":"https:\/\/www.vermetdesign.com\/wp-content\/uploads\/2022\/08\/21-12_Skirt_jungle-jam_front_Vermet.webp","type":"image\/webp"}],"twitter_card":"summary_large_image","schema":{"@context":"https:\/\/schema.org","@graph":[{"@type":"WebPage","@id":"https:\/\/www.vermetdesign.com\/fi\/tuote\/hame-jungle-jam-kuosi-musta-valkoinen\/","url":"https:\/\/www.vermetdesign.com\/fi\/tuote\/hame-jungle-jam-kuosi-musta-valkoinen\/","name":"Lasten Hame Jungle Jam kuosi - Musta-valkoinen - Verm\u00e9t","isPartOf":{"@id":"https:\/\/www.vermetdesign.com\/#website"},"primaryImageOfPage":{"@id":"https:\/\/www.vermetdesign.com\/fi\/tuote\/hame-jungle-jam-kuosi-musta-valkoinen\/#primaryimage"},"image":{"@id":"https:\/\/www.vermetdesign.com\/fi\/tuote\/hame-jungle-jam-kuosi-musta-valkoinen\/#primaryimage"},"thumbnailUrl":"https:\/\/www.vermetdesign.com\/wp-content\/uploads\/2022\/08\/21-12_Skirt_jungle-jam_front_Vermet.webp","datePublished":"2022-08-18T12:43:12+00:00","dateModified":"2022-08-22T11:24:22+00:00","description":"Viile\u00e4 kuin viilipytty. T\u00e4ss\u00e4 hameessa on asennetta! Moderneja ja kest\u00e4vi\u00e4 luomupuuvillaisia lastenvaatteita rohkeille ja pelottomille tyypeille. Musta-valkoinen Jungle Jam kuosi on lasten kirjakuvittaja Laura Merzin k\u00e4sialaa.","breadcrumb":{"@id":"https:\/\/www.vermetdesign.com\/fi\/tuote\/hame-jungle-jam-kuosi-musta-valkoinen\/#breadcrumb"},"inLanguage":"fi","potentialAction":[{"@type":"ReadAction","target":["https:\/\/www.vermetdesign.com\/fi\/tuote\/hame-jungle-jam-kuosi-musta-valkoinen\/"]}]},{"@type":"ImageObject","inLanguage":"fi","@id":"https:\/\/www.vermetdesign.com\/fi\/tuote\/hame-jungle-jam-kuosi-musta-valkoinen\/#primaryimage","url":"https:\/\/www.vermetdesign.com\/wp-content\/uploads\/2022\/08\/21-12_Skirt_jungle-jam_front_Vermet.webp","contentUrl":"https:\/\/www.vermetdesign.com\/wp-content\/uploads\/2022\/08\/21-12_Skirt_jungle-jam_front_Vermet.webp","width":1000,"height":1000,"caption":"Kids skirt Jungle Jam animal pattern colour black and white Vermet view1"},{"@type":"BreadcrumbList","@id":"https:\/\/www.vermetdesign.com\/fi\/tuote\/hame-jungle-jam-kuosi-musta-valkoinen\/#breadcrumb","itemListElement":[{"@type":"ListItem","position":1,"name":"Home","item":"https:\/\/www.vermetdesign.com\/"},{"@type":"ListItem","position":2,"name":"Kauppa","item":"https:\/\/www.vermetdesign.com\/fi\/kauppa\/"},{"@type":"ListItem","position":3,"name":"Hame Jungle Jam kuosi &#8211; Musta-valkoinen"}]},{"@type":"WebSite","@id":"https:\/\/www.vermetdesign.com\/#website","url":"https:\/\/www.vermetdesign.com\/","name":"verm\u00e9t","description":"Verm\u00e9t is not your ordinary sustainable kidswear brand. We are misbehaving, but we\u2019re not going apologize. Let\u2019s change the way we shop. Ready when you are.","publisher":{"@id":"https:\/\/www.vermetdesign.com\/#organization"},"alternateName":"vermet","potentialAction":[{"@type":"SearchAction","target":{"@type":"EntryPoint","urlTemplate":"https:\/\/www.vermetdesign.com\/?s={search_term_string}"},"query-input":{"@type":"PropertyValueSpecification","valueRequired":true,"valueName":"search_term_string"}}],"inLanguage":"fi"},{"@type":"Organization","@id":"https:\/\/www.vermetdesign.com\/#organization","name":"Verm\u00e9t Design","alternateName":"Vermet Design","url":"https:\/\/www.vermetdesign.com\/","logo":{"@type":"ImageObject","inLanguage":"fi","@id":"https:\/\/www.vermetdesign.com\/#\/schema\/logo\/image\/","url":"https:\/\/www.vermetdesign.com\/wp-content\/uploads\/2020\/07\/vermet-logo-black-small.jpg","contentUrl":"https:\/\/www.vermetdesign.com\/wp-content\/uploads\/2020\/07\/vermet-logo-black-small.jpg","width":170,"height":34,"caption":"Verm\u00e9t Design"},"image":{"@id":"https:\/\/www.vermetdesign.com\/#\/schema\/logo\/image\/"},"sameAs":["https:\/\/www.facebook.com\/vermetdesign","https:\/\/www.instagram.com\/vermetdesign\/","https:\/\/fi.pinterest.com\/vermetdesign\/"]}]}},"_links":{"self":[{"href":"https:\/\/www.vermetdesign.com\/fi\/wp-json\/wp\/v2\/product\/4343","targetHints":{"allow":["GET"]}}],"collection":[{"href":"https:\/\/www.vermetdesign.com\/fi\/wp-json\/wp\/v2\/product"}],"about":[{"href":"https:\/\/www.vermetdesign.com\/fi\/wp-json\/wp\/v2\/types\/product"}],"replies":[{"embeddable":true,"href":"https:\/\/www.vermetdesign.com\/fi\/wp-json\/wp\/v2\/comments?post=4343"}],"version-history":[{"count":2,"href":"https:\/\/www.vermetdesign.com\/fi\/wp-json\/wp\/v2\/product\/4343\/revisions"}],"predecessor-version":[{"id":4557,"href":"https:\/\/www.vermetdesign.com\/fi\/wp-json\/wp\/v2\/product\/4343\/revisions\/4557"}],"wp:featuredmedia":[{"embeddable":true,"href":"https:\/\/www.vermetdesign.com\/fi\/wp-json\/wp\/v2\/media\/4020"}],"wp:attachment":[{"href":"https:\/\/www.vermetdesign.com\/fi\/wp-json\/wp\/v2\/media?parent=4343"}],"wp:term":[{"taxonomy":"product_brand","embeddable":true,"href":"https:\/\/www.vermetdesign.com\/fi\/wp-json\/wp\/v2\/product_brand?post=4343"},{"taxonomy":"product_cat","embeddable":true,"href":"https:\/\/www.vermetdesign.com\/fi\/wp-json\/wp\/v2\/product_cat?post=4343"},{"taxonomy":"product_tag","embeddable":true,"href":"https:\/\/www.vermetdesign.com\/fi\/wp-json\/wp\/v2\/product_tag?post=4343"}],"curies":[{"name":"wp","href":"https:\/\/api.w.org\/{rel}","templated":true}]}}